{"id":24518,"date":"2024-08-14T11:56:37","date_gmt":"2024-08-14T17:56:37","guid":{"rendered":"https:\/\/rmmfi.org\/nuevo-mexico\/"},"modified":"2024-11-05T16:02:52","modified_gmt":"2024-11-05T23:02:52","slug":"nuevo-mexico","status":"publish","type":"page","link":"https:\/\/rmmfi.org\/es\/nuevo-mexico\/","title":{"rendered":"Nuevo M\u00e9xico"},"content":{"rendered":"\t\t<div data-elementor-type=\"wp-page\" data-elementor-id=\"24518\" class=\"elementor elementor-24518 elementor-1063\" data-elementor-post-type=\"page\">\n\t\t\t\t<div class=\"elementor-element elementor-element-1d52c5f e-con-full e-flex e-con e-parent\" data-id=\"1d52c5f\" data-element_type=\"container\" data-e-type=\"container\" data-settings=\"{&quot;background_background&quot;:&quot;classic&quot;}\">\n\t\t<div class=\"elementor-element elementor-element-e3a7795 e-con-full e-flex e-con e-child\" data-id=\"e3a7795\" data-element_type=\"container\" data-e-type=\"container\">\n\t\t\t\t<div class=\"elementor-element elementor-element-bdc8aa8 elementor-widget__width-initial elementor-widget-tablet__width-inherit elementor-widget elementor-widget-heading\" data-id=\"bdc8aa8\" data-element_type=\"widget\" data-e-type=\"widget\" data-widget_type=\"heading.default\">\n\t\t\t\t<div class=\"elementor-widget-container\">\n\t\t\t\t\t<h1 class=\"elementor-heading-title elementor-size-default\">Nuevo M\u00e9xico rural<\/h1>\t\t\t\t<\/div>\n\t\t\t\t<\/div>\n\t\t\t\t<div class=\"elementor-element elementor-element-eadc616 elementor-widget__width-initial elementor-widget-mobile__width-inherit elementor-widget elementor-widget-text-editor\" data-id=\"eadc616\" data-element_type=\"widget\" data-e-type=\"widget\" data-widget_type=\"text-editor.default\">\n\t\t\t\t<div class=\"elementor-widget-container\">\n\t\t\t\t\t\t\t\t\t<p>Apoyo a los empresarios de las zonas rurales de Nuevo M\u00e9xico, en asociaci\u00f3n con <a href=\"https:\/\/www.bsidefund.org\/\" target=\"_blank\" rel=\"noopener\"><strong><span style=\"color: #469c45;\">Fondo B:Side<\/span><\/strong><\/a><\/p>\n\t\t\t\t\t\t\t\t<\/div>\n\t\t\t\t<\/div>\n\t\t\t\t<div class=\"elementor-element elementor-element-f8dee94 elementor-widget elementor-widget-image\" data-id=\"f8dee94\" data-element_type=\"widget\" data-e-type=\"widget\" data-widget_type=\"image.default\">\n\t\t\t\t<div class=\"elementor-widget-container\">\n\t\t\t\t\t\t\t\t\t\t\t\t\t\t\t<img fetchpriority=\"high\" decoding=\"async\" width=\"910\" height=\"423\" src=\"https:\/\/rmmfi.org\/wp-content\/uploads\/2024\/09\/BSide-Fund-Logo-Color.png\" class=\"attachment-full size-full wp-image-25313\" alt=\"La imagen muestra el logotipo de &quot;b:sid re fund&quot;. El texto est\u00e1 escrito en letras min\u00fasculas con una fuente grande y en negrita para &quot;b:sid re&quot; y una fuente m\u00e1s peque\u00f1a y regular para &quot;fund&quot;. En una combinaci\u00f3n de colores azul marino y rosa, captura de manera \u00fanica la esencia vibrante de Nuevo M\u00e9xico.\" srcset=\"https:\/\/rmmfi.org\/wp-content\/uploads\/2024\/09\/BSide-Fund-Logo-Color.png 910w, https:\/\/rmmfi.org\/wp-content\/uploads\/2024\/09\/BSide-Fund-Logo-Color-300x139.png 300w, https:\/\/rmmfi.org\/wp-content\/uploads\/2024\/09\/BSide-Fund-Logo-Color-768x357.png 768w\" sizes=\"(max-width: 910px) 100vw, 910px\" title=\"\">\t\t\t\t\t\t\t\t\t\t\t\t\t\t\t<\/div>\n\t\t\t\t<\/div>\n\t\t\t\t<\/div>\n\t\t<div class=\"elementor-element elementor-element-da6b558 e-con-full e-flex e-con e-child\" data-id=\"da6b558\" data-element_type=\"container\" data-e-type=\"container\">\n\t\t\t\t<div class=\"elementor-element elementor-element-9dedff6 elementor-widget__width-inherit elementor-widget elementor-widget-image\" data-id=\"9dedff6\" data-element_type=\"widget\" data-e-type=\"widget\" data-widget_type=\"image.default\">\n\t\t\t\t<div class=\"elementor-widget-container\">\n\t\t\t\t\t\t\t\t\t\t\t\t\t\t\t<img decoding=\"async\" width=\"728\" height=\"621\" data-src=\"https:\/\/rmmfi.org\/wp-content\/uploads\/2024\/08\/pherweoto.png\" class=\"attachment-full size-full wp-image-23963 lazyload\" alt=\"Cuatro mujeres de Nuevo M\u00e9xico sonr\u00eden mientras una de ellas sostiene un certificado. Est\u00e1n de pie alrededor de una mesa adornada con frascos, una peque\u00f1a planta y un tel\u00e9fono inteligente. Detr\u00e1s de ellas, hay obras de arte expuestas en la pared.\" data-srcset=\"https:\/\/rmmfi.org\/wp-content\/uploads\/2024\/08\/pherweoto.png 728w, https:\/\/rmmfi.org\/wp-content\/uploads\/2024\/08\/pherweoto-300x256.png 300w\" data-sizes=\"(max-width: 728px) 100vw, 728px\" title=\"\" src=\"data:image\/svg+xml;base64,PHN2ZyB3aWR0aD0iMSIgaGVpZ2h0PSIxIiB4bWxucz0iaHR0cDovL3d3dy53My5vcmcvMjAwMC9zdmciPjwvc3ZnPg==\" style=\"--smush-placeholder-width: 728px; --smush-placeholder-aspect-ratio: 728\/621;\">\t\t\t\t\t\t\t\t\t\t\t\t\t\t\t<\/div>\n\t\t\t\t<\/div>\n\t\t\t\t<\/div>\n\t\t\t\t<\/div>\n\t\t<div class=\"elementor-element elementor-element-0466aea e-flex e-con-boxed e-con e-parent\" data-id=\"0466aea\" data-element_type=\"container\" data-e-type=\"container\">\n\t\t\t\t\t<div class=\"e-con-inner\">\n\t\t<div class=\"elementor-element elementor-element-869939a e-con-full e-flex e-con e-child\" data-id=\"869939a\" data-element_type=\"container\" data-e-type=\"container\">\n\t\t<div class=\"elementor-element elementor-element-a41cd44 e-con-full e-flex e-con e-child\" data-id=\"a41cd44\" data-element_type=\"container\" data-e-type=\"container\" data-settings=\"{&quot;background_background&quot;:&quot;classic&quot;}\">\n\t\t\t\t<div class=\"elementor-element elementor-element-6e97a29 elementor-widget elementor-widget-heading\" data-id=\"6e97a29\" data-element_type=\"widget\" data-e-type=\"widget\" data-widget_type=\"heading.default\">\n\t\t\t\t<div class=\"elementor-widget-container\">\n\t\t\t\t\t<h2 class=\"elementor-heading-title elementor-size-default\">Nuevo M\u00e9xico rural<\/h2>\t\t\t\t<\/div>\n\t\t\t\t<\/div>\n\t\t\t\t<div class=\"elementor-element elementor-element-5f34d92 elementor-widget elementor-widget-heading\" data-id=\"5f34d92\" data-element_type=\"widget\" data-e-type=\"widget\" data-widget_type=\"heading.default\">\n\t\t\t\t<div class=\"elementor-widget-container\">\n\t\t\t\t\t<h3 class=\"elementor-heading-title elementor-size-default\">Zonas atendidas<\/h3>\t\t\t\t<\/div>\n\t\t\t\t<\/div>\n\t\t<div class=\"elementor-element elementor-element-e6adf1a e-con-full e-flex e-con e-child\" data-id=\"e6adf1a\" data-element_type=\"container\" data-e-type=\"container\">\n\t\t\t\t<div class=\"elementor-element elementor-element-a8fa0e2 elementor-widget__width-inherit elementor-widget-mobile__width-initial elementor-icon-list--layout-traditional elementor-list-item-link-full_width elementor-widget elementor-widget-icon-list\" data-id=\"a8fa0e2\" data-element_type=\"widget\" data-e-type=\"widget\" data-widget_type=\"icon-list.default\">\n\t\t\t\t<div class=\"elementor-widget-container\">\n\t\t\t\t\t\t\t<ul class=\"elementor-icon-list-items\">\n\t\t\t\t\t\t\t<li class=\"elementor-icon-list-item\">\n\t\t\t\t\t\t\t\t\t\t<span class=\"elementor-icon-list-text\">Comunidades rurales con una poblaci\u00f3n inferior a 50.000 habitantes (excluye Albuquerque, Santa Fe y Las Cruces).<\/span>\n\t\t\t\t\t\t\t\t\t<\/li>\n\t\t\t\t\t\t<\/ul>\n\t\t\t\t\t\t<\/div>\n\t\t\t\t<\/div>\n\t\t\t\t<\/div>\n\t\t\t\t<div class=\"elementor-element elementor-element-62b5da2 elementor-widget elementor-widget-heading\" data-id=\"62b5da2\" data-element_type=\"widget\" data-e-type=\"widget\" data-widget_type=\"heading.default\">\n\t\t\t\t<div class=\"elementor-widget-container\">\n\t\t\t\t\t<h3 class=\"elementor-heading-title elementor-size-default\">Lenguas atendidas<\/h3>\t\t\t\t<\/div>\n\t\t\t\t<\/div>\n\t\t\t\t<div class=\"elementor-element elementor-element-c2ee65b elementor-icon-list--layout-traditional elementor-list-item-link-full_width elementor-widget elementor-widget-icon-list\" data-id=\"c2ee65b\" data-element_type=\"widget\" data-e-type=\"widget\" data-widget_type=\"icon-list.default\">\n\t\t\t\t<div class=\"elementor-widget-container\">\n\t\t\t\t\t\t\t<ul class=\"elementor-icon-list-items\">\n\t\t\t\t\t\t\t<li class=\"elementor-icon-list-item\">\n\t\t\t\t\t\t\t\t\t\t\t<span class=\"elementor-icon-list-icon\">\n\t\t\t\t\t\t\t<svg xmlns=\"http:\/\/www.w3.org\/2000\/svg\" width=\"18\" height=\"19\" viewBox=\"0 0 18 19\" fill=\"none\"><path d=\"M16.5 9.5C16.5 10.4849 16.306 11.4602 15.9291 12.3701C15.5522 13.2801 14.9997 14.1069 14.3033 14.8033C13.6069 15.4997 12.7801 16.0522 11.8701 16.4291C10.9602 16.806 9.98491 17 9 17C8.01509 17 7.03982 16.806 6.12987 16.4291C5.21993 16.0522 4.39314 15.4997 3.6967 14.8033C3.00026 14.1069 2.44781 13.2801 2.0709 12.3701C1.69399 11.4602 1.5 10.4849 1.5 9.5C1.5 8.51509 1.69399 7.53982 2.0709 6.62987C2.44781 5.71993 3.00026 4.89314 3.6967 4.1967C4.39314 3.50026 5.21993 2.94781 6.12988 2.5709C7.03982 2.19399 8.01509 2 9 2C9.98492 2 10.9602 2.19399 11.8701 2.5709C12.7801 2.94781 13.6069 3.50026 14.3033 4.1967C14.9997 4.89314 15.5522 5.71993 15.9291 6.62988C16.306 7.53982 16.5 8.51509 16.5 9.5L16.5 9.5Z\" stroke=\"#469C45\" stroke-width=\"1.5\"><\/path><path d=\"M12 9.5C12 10.4849 11.9224 11.4602 11.7716 12.3701C11.6209 13.2801 11.3999 14.1069 11.1213 14.8033C10.8427 15.4997 10.512 16.0522 10.1481 16.4291C9.78407 16.806 9.39397 17 9 17C8.60603 17 8.21593 16.806 7.85195 16.4291C7.48797 16.0522 7.15726 15.4997 6.87868 14.8033C6.6001 14.1069 6.37913 13.2801 6.22836 12.3701C6.0776 11.4602 6 10.4849 6 9.5C6 8.51509 6.0776 7.53982 6.22836 6.62987C6.37913 5.71993 6.6001 4.89314 6.87868 4.1967C7.15726 3.50026 7.48797 2.94781 7.85195 2.5709C8.21593 2.19399 8.60603 2 9 2C9.39397 2 9.78407 2.19399 10.1481 2.5709C10.512 2.94781 10.8427 3.50026 11.1213 4.1967C11.3999 4.89314 11.6209 5.71993 11.7716 6.62988C11.9224 7.53982 12 8.51509 12 9.5L12 9.5Z\" stroke=\"#469C45\" stroke-width=\"1.5\"><\/path><path d=\"M1.5 9.5H16.5\" stroke=\"#469C45\" stroke-width=\"1.5\" stroke-linecap=\"round\"><\/path><\/svg>\t\t\t\t\t\t<\/span>\n\t\t\t\t\t\t\t\t\t\t<span class=\"elementor-icon-list-text\">Ingl\u00e9s<\/span>\n\t\t\t\t\t\t\t\t\t<\/li>\n\t\t\t\t\t\t<\/ul>\n\t\t\t\t\t\t<\/div>\n\t\t\t\t<\/div>\n\t\t\t\t<div class=\"elementor-element elementor-element-1e29437 elementor-widget-divider--view-line elementor-widget elementor-widget-divider\" data-id=\"1e29437\" data-element_type=\"widget\" data-e-type=\"widget\" data-widget_type=\"divider.default\">\n\t\t\t\t<div class=\"elementor-widget-container\">\n\t\t\t\t\t\t\t<div class=\"elementor-divider\">\n\t\t\t<span class=\"elementor-divider-separator\">\n\t\t\t\t\t\t<\/span>\n\t\t<\/div>\n\t\t\t\t\t\t<\/div>\n\t\t\t\t<\/div>\n\t\t\t\t<div class=\"elementor-element elementor-element-7ea7b54 elementor-widget elementor-widget-heading\" data-id=\"7ea7b54\" data-element_type=\"widget\" data-e-type=\"widget\" data-widget_type=\"heading.default\">\n\t\t\t\t<div class=\"elementor-widget-container\">\n\t\t\t\t\t<h3 class=\"elementor-heading-title elementor-size-default\">Personal<\/h3>\t\t\t\t<\/div>\n\t\t\t\t<\/div>\n\t\t<div class=\"elementor-element elementor-element-910bb9e e-con-full e-flex e-con e-child\" data-id=\"910bb9e\" data-element_type=\"container\" data-e-type=\"container\">\n\t\t<div class=\"elementor-element elementor-element-596d9b6 e-con-full e-flex e-con e-child\" data-id=\"596d9b6\" data-element_type=\"container\" data-e-type=\"container\">\n\t\t\t\t<div class=\"elementor-element elementor-element-888ec08 elementor-position-left elementor-vertical-align-middle elementor-widget__width-initial img box-icon elementor-widget elementor-widget-image-box\" data-id=\"888ec08\" data-element_type=\"widget\" data-e-type=\"widget\" data-widget_type=\"image-box.default\">\n\t\t\t\t<div class=\"elementor-widget-container\">\n\t\t\t\t\t<div class=\"elementor-image-box-wrapper\"><figure class=\"elementor-image-box-img\"><img decoding=\"async\" width=\"70\" height=\"70\" data-src=\"https:\/\/rmmfi.org\/wp-content\/uploads\/2024\/08\/Frame-1000002414.jpg\" class=\"attachment-full size-full wp-image-23053 lazyload\" alt=\"Un sencillo icono verde con el contorno de una persona est\u00e1 centrado sobre un fondo circular verde claro, que recuerda los serenos paisajes de Nuevo M\u00e9xico. El icono consiste en una forma redonda para la cabeza y una forma ovalada m\u00e1s peque\u00f1a debajo para el cuerpo, con ambas formas conectadas.\" title=\"\" src=\"data:image\/svg+xml;base64,PHN2ZyB3aWR0aD0iMSIgaGVpZ2h0PSIxIiB4bWxucz0iaHR0cDovL3d3dy53My5vcmcvMjAwMC9zdmciPjwvc3ZnPg==\" style=\"--smush-placeholder-width: 70px; --smush-placeholder-aspect-ratio: 70\/70;\"><\/figure><div class=\"elementor-image-box-content\"><h3 class=\"elementor-image-box-title\">Wendy Grummons<\/h3><p class=\"elementor-image-box-description\">Contratista de divulgaci\u00f3n  <\/p><\/div><\/div>\t\t\t\t<\/div>\n\t\t\t\t<\/div>\n\t\t\t\t<\/div>\n\t\t<div class=\"elementor-element elementor-element-0ae5986 e-con-full e-flex e-con e-child\" data-id=\"0ae5986\" data-element_type=\"container\" data-e-type=\"container\">\n\t\t\t\t<div class=\"elementor-element elementor-element-9b327b5 get-in elementor-widget elementor-widget-button\" data-id=\"9b327b5\" data-element_type=\"widget\" data-e-type=\"widget\" data-widget_type=\"button.default\">\n\t\t\t\t<div class=\"elementor-widget-container\">\n\t\t\t\t\t\t\t\t\t<div class=\"elementor-button-wrapper\">\n\t\t\t\t\t<a class=\"elementor-button elementor-button-link elementor-size-sm\" href=\"https:\/\/rmmfi.org\/es\/ponte-en-contacto\/\">\n\t\t\t\t\t\t<span class=\"elementor-button-content-wrapper\">\n\t\t\t\t\t\t<span class=\"elementor-button-icon\">\n\t\t\t\t<svg xmlns=\"http:\/\/www.w3.org\/2000\/svg\" width=\"20\" height=\"20\" viewBox=\"0 0 20 20\" fill=\"none\"><path d=\"M7.5 4.16675L12.5 10.0001L7.5 15.8334\" stroke=\"#469C45\" stroke-width=\"1.5\" stroke-linecap=\"round\" stroke-linejoin=\"round\"><\/path><\/svg>\t\t\t<\/span>\n\t\t\t\t\t\t\t\t\t<span class=\"elementor-button-text\">Ponte en contacto<\/span>\n\t\t\t\t\t<\/span>\n\t\t\t\t\t<\/a>\n\t\t\t\t<\/div>\n\t\t\t\t\t\t\t\t<\/div>\n\t\t\t\t<\/div>\n\t\t\t\t<div class=\"elementor-element elementor-element-0a5b525 elementor-widget-divider--view-line elementor-widget elementor-widget-divider\" data-id=\"0a5b525\" data-element_type=\"widget\" data-e-type=\"widget\" data-widget_type=\"divider.default\">\n\t\t\t\t<div class=\"elementor-widget-container\">\n\t\t\t\t\t\t\t<div class=\"elementor-divider\">\n\t\t\t<span class=\"elementor-divider-separator\">\n\t\t\t\t\t\t<\/span>\n\t\t<\/div>\n\t\t\t\t\t\t<\/div>\n\t\t\t\t<\/div>\n\t\t\t\t<div class=\"elementor-element elementor-element-0c59455 elementor-widget elementor-widget-heading\" data-id=\"0c59455\" data-element_type=\"widget\" data-e-type=\"widget\" data-widget_type=\"heading.default\">\n\t\t\t\t<div class=\"elementor-widget-container\">\n\t\t\t\t\t<h3 class=\"elementor-heading-title elementor-size-default\">Inscr\u00edbete<\/h3>\t\t\t\t<\/div>\n\t\t\t\t<\/div>\n\t\t<div class=\"elementor-element elementor-element-99d8261 e-con-full e-flex e-con e-child\" data-id=\"99d8261\" data-element_type=\"container\" data-e-type=\"container\">\n\t\t\t\t<div class=\"elementor-element elementor-element-065bcd2 elementor-mobile-align-left elementor-widget-mobile__width-auto elementor-widget elementor-widget-button\" data-id=\"065bcd2\" data-element_type=\"widget\" data-e-type=\"widget\" data-widget_type=\"button.default\">\n\t\t\t\t<div class=\"elementor-widget-container\">\n\t\t\t\t\t\t\t\t\t<div class=\"elementor-button-wrapper\">\n\t\t\t\t\t<a class=\"elementor-button elementor-button-link elementor-size-sm\" href=\"https:\/\/survey.zohopublic.com\/zs\/ShClVY?leadsource=website&#038;city=rural_newmexico\" target=\"_blank\" rel=\"noopener\">\n\t\t\t\t\t\t<span class=\"elementor-button-content-wrapper\">\n\t\t\t\t\t\t\t\t\t<span class=\"elementor-button-text\">EMPRENDEDORES<\/span>\n\t\t\t\t\t<\/span>\n\t\t\t\t\t<\/a>\n\t\t\t\t<\/div>\n\t\t\t\t\t\t\t\t<\/div>\n\t\t\t\t<\/div>\n\t\t\t\t<div class=\"elementor-element elementor-element-f2f454d elementor-mobile-align-left elementor-widget-mobile__width-auto elementor-widget elementor-widget-button\" data-id=\"f2f454d\" data-element_type=\"widget\" data-e-type=\"widget\" data-widget_type=\"button.default\">\n\t\t\t\t<div class=\"elementor-widget-container\">\n\t\t\t\t\t\t\t\t\t<div class=\"elementor-button-wrapper\">\n\t\t\t\t\t<a class=\"elementor-button elementor-button-link elementor-size-sm\" href=\"https:\/\/survey.zohopublic.com\/zs\/8fD49P?leadsource=website&#038;city=rural_newmexico\" target=\"_blank\" rel=\"noopener\">\n\t\t\t\t\t\t<span class=\"elementor-button-content-wrapper\">\n\t\t\t\t\t\t\t\t\t<span class=\"elementor-button-text\">VOLUNTARIOS<\/span>\n\t\t\t\t\t<\/span>\n\t\t\t\t\t<\/a>\n\t\t\t\t<\/div>\n\t\t\t\t\t\t\t\t<\/div>\n\t\t\t\t<\/div>\n\t\t\t\t<\/div>\n\t\t\t\t<\/div>\n\t\t\t\t<\/div>\n\t\t\t\t<\/div>\n\t\t<div class=\"elementor-element elementor-element-e30a582 e-con-full e-flex e-con e-child\" data-id=\"e30a582\" data-element_type=\"container\" data-e-type=\"container\" data-settings=\"{&quot;background_background&quot;:&quot;classic&quot;}\">\n\t\t\t\t<div class=\"elementor-element elementor-element-6331929 elementor-widget elementor-widget-spacer\" data-id=\"6331929\" data-element_type=\"widget\" data-e-type=\"widget\" data-widget_type=\"spacer.default\">\n\t\t\t\t<div class=\"elementor-widget-container\">\n\t\t\t\t\t\t\t<div class=\"elementor-spacer\">\n\t\t\t<div class=\"elementor-spacer-inner\"><\/div>\n\t\t<\/div>\n\t\t\t\t\t\t<\/div>\n\t\t\t\t<\/div>\n\t\t\t\t<\/div>\n\t\t\t\t<\/div>\n\t\t\t\t\t<\/div>\n\t\t\t\t<\/div>\n\t\t<div class=\"elementor-element elementor-element-0186569 e-flex e-con-boxed e-con e-parent\" data-id=\"0186569\" data-element_type=\"container\" data-e-type=\"container\">\n\t\t\t\t\t<div class=\"e-con-inner\">\n\t\t\t\t<div class=\"elementor-element elementor-element-056c9cf elementor-widget elementor-widget-image\" data-id=\"056c9cf\" data-element_type=\"widget\" data-e-type=\"widget\" data-widget_type=\"image.default\">\n\t\t\t\t<div class=\"elementor-widget-container\">\n\t\t\t\t\t\t\t\t\t\t\t\t\t\t\t<img decoding=\"async\" width=\"300\" height=\"100\" data-src=\"https:\/\/rmmfi.org\/wp-content\/uploads\/2024\/09\/Partnership-Logo-white-300x100.png\" class=\"attachment-medium size-medium wp-image-25092 lazyload\" alt=\"Logotipo que presenta el texto &quot;b:side fund&quot; a la izquierda en azul oscuro y rosa, y &quot;rm mfi Rocky Mountain MicroFinance Institute&quot; a la derecha, con &quot;rm&quot; en azul oscuro, &quot;mfi&quot; en verde lima y nodos verdes y rosas similares a circuitos que se extienden desde la &quot;i&quot; de &quot;mfi&quot;, simbolizando el esp\u00edritu de innovaci\u00f3n de Nuevo M\u00e9xico.\" data-srcset=\"https:\/\/rmmfi.org\/wp-content\/uploads\/2024\/09\/Partnership-Logo-white-300x100.png 300w, https:\/\/rmmfi.org\/wp-content\/uploads\/2024\/09\/Partnership-Logo-white-1024x341.png 1024w, https:\/\/rmmfi.org\/wp-content\/uploads\/2024\/09\/Partnership-Logo-white-768x256.png 768w, https:\/\/rmmfi.org\/wp-content\/uploads\/2024\/09\/Partnership-Logo-white-1536x512.png 1536w, https:\/\/rmmfi.org\/wp-content\/uploads\/2024\/09\/Partnership-Logo-white.png 1875w\" data-sizes=\"(max-width: 300px) 100vw, 300px\" title=\"\" src=\"data:image\/svg+xml;base64,PHN2ZyB3aWR0aD0iMSIgaGVpZ2h0PSIxIiB4bWxucz0iaHR0cDovL3d3dy53My5vcmcvMjAwMC9zdmciPjwvc3ZnPg==\" style=\"--smush-placeholder-width: 300px; --smush-placeholder-aspect-ratio: 300\/100;\">\t\t\t\t\t\t\t\t\t\t\t\t\t\t\t<\/div>\n\t\t\t\t<\/div>\n\t\t\t\t\t<\/div>\n\t\t\t\t<\/div>\n\t\t\t\t<\/div>\n\t\t","protected":false},"excerpt":{"rendered":"<p>Nuevo M\u00e9xico rural Apoyo a los empresarios de las zonas rurales de Nuevo M\u00e9xico, en asociaci\u00f3n con Fondo B:Side Nuevo M\u00e9xico rural Zonas atendidas Comunidades rurales con una poblaci\u00f3n inferior [&hellip;]<\/p>\n","protected":false},"author":4,"featured_media":0,"parent":0,"menu_order":0,"comment_status":"closed","ping_status":"closed","template":"elementor_header_footer","meta":{"_acf_changed":false,"_tec_requires_first_save":true,"_EventAllDay":false,"_EventTimezone":"","_EventStartDate":"","_EventEndDate":"","_EventStartDateUTC":"","_EventEndDateUTC":"","_EventShowMap":false,"_EventShowMapLink":false,"_EventURL":"","_EventCost":"","_EventCostDescription":"","_EventCurrencySymbol":"","_EventCurrencyCode":"","_EventCurrencyPosition":"","_EventDateTimeSeparator":"","_EventTimeRangeSeparator":"","_EventOrganizerID":[],"_EventVenueID":[],"_OrganizerEmail":"","_OrganizerPhone":"","_OrganizerWebsite":"","_VenueAddress":"","_VenueCity":"","_VenueCountry":"","_VenueProvince":"","_VenueState":"","_VenueZip":"","_VenuePhone":"","_VenueURL":"","_VenueStateProvince":"","_VenueLat":"","_VenueLng":"","_VenueShowMap":false,"_VenueShowMapLink":false,"_tribe_blocks_recurrence_rules":"","_tribe_blocks_recurrence_description":"","_tribe_blocks_recurrence_exclusions":"","_ecp_custom_2":"","footnotes":""},"class_list":["post-24518","page","type-page","status-publish","hentry"],"acf":[],"_links":{"self":[{"href":"https:\/\/rmmfi.org\/es\/wp-json\/wp\/v2\/pages\/24518","targetHints":{"allow":["GET"]}}],"collection":[{"href":"https:\/\/rmmfi.org\/es\/wp-json\/wp\/v2\/pages"}],"about":[{"href":"https:\/\/rmmfi.org\/es\/wp-json\/wp\/v2\/types\/page"}],"author":[{"embeddable":true,"href":"https:\/\/rmmfi.org\/es\/wp-json\/wp\/v2\/users\/4"}],"replies":[{"embeddable":true,"href":"https:\/\/rmmfi.org\/es\/wp-json\/wp\/v2\/comments?post=24518"}],"version-history":[{"count":0,"href":"https:\/\/rmmfi.org\/es\/wp-json\/wp\/v2\/pages\/24518\/revisions"}],"wp:attachment":[{"href":"https:\/\/rmmfi.org\/es\/wp-json\/wp\/v2\/media?parent=24518"}],"curies":[{"name":"wp","href":"https:\/\/api.w.org\/{rel}","templated":true}]}}