{"id":24524,"date":"2024-08-14T01:00:47","date_gmt":"2024-08-14T07:00:47","guid":{"rendered":"https:\/\/rmmfi.org\/buscar-mi-sitio\/"},"modified":"2024-12-16T13:45:50","modified_gmt":"2024-12-16T20:45:50","slug":"buscar-mi-sitio","status":"publish","type":"page","link":"https:\/\/rmmfi.org\/es\/buscar-mi-sitio\/","title":{"rendered":"Encuentra tu sitio"},"content":{"rendered":"\t\t<div data-elementor-type=\"wp-page\" data-elementor-id=\"24524\" class=\"elementor elementor-24524 elementor-930\" data-elementor-post-type=\"page\">\n\t\t\t\t<div class=\"elementor-element elementor-element-d58de35 e-con-full e-flex e-con e-parent\" data-id=\"d58de35\" data-element_type=\"container\" data-e-type=\"container\" data-settings=\"{&quot;background_background&quot;:&quot;classic&quot;}\">\n\t\t<div class=\"elementor-element elementor-element-3a332c7 e-con-full e-flex e-con e-child\" data-id=\"3a332c7\" data-element_type=\"container\" data-e-type=\"container\">\n\t\t\t\t<div class=\"elementor-element elementor-element-4001835 elementor-widget__width-initial elementor-widget-tablet__width-inherit elementor-widget elementor-widget-heading\" data-id=\"4001835\" data-element_type=\"widget\" data-e-type=\"widget\" data-widget_type=\"heading.default\">\n\t\t\t\t<div class=\"elementor-widget-container\">\n\t\t\t\t\t<h1 class=\"elementor-heading-title elementor-size-default\">Encuentra la sede de tu programa en<br> <\/h1>\t\t\t\t<\/div>\n\t\t\t\t<\/div>\n\t\t\t\t<div class=\"elementor-element elementor-element-4ed5215 elementor-widget__width-initial elementor-widget-mobile__width-inherit elementor-widget elementor-widget-text-editor\" data-id=\"4ed5215\" data-element_type=\"widget\" data-e-type=\"widget\" data-widget_type=\"text-editor.default\">\n\t\t\t\t<div class=\"elementor-widget-container\">\n\t\t\t\t\t\t\t\t\t<p>Encuentra programas y recursos de RMMFI en tu zona.<\/p>\n\t\t\t\t\t\t\t\t<\/div>\n\t\t\t\t<\/div>\n\t\t\t\t<\/div>\n\t\t<div class=\"elementor-element elementor-element-2bbc400 e-con-full e-flex e-con e-child\" data-id=\"2bbc400\" data-element_type=\"container\" data-e-type=\"container\">\n\t\t\t\t<div class=\"elementor-element elementor-element-ce1ddfc elementor-widget__width-inherit elementor-widget elementor-widget-image\" data-id=\"ce1ddfc\" data-element_type=\"widget\" data-e-type=\"widget\" data-widget_type=\"image.default\">\n\t\t\t\t<div class=\"elementor-widget-container\">\n\t\t\t\t\t\t\t\t\t\t\t\t\t\t\t<img fetchpriority=\"high\" decoding=\"async\" width=\"728\" height=\"621\" src=\"https:\/\/rmmfi.org\/wp-content\/uploads\/2024\/08\/photo-1-7.png\" class=\"attachment-full size-full wp-image-23964\" alt=\"Una mujer sonriente, en su taller creativo, ajusta un sombrero decorativo con plumas y un gran lazo rojo sobre un soporte de madera. Con cajas de sombreros apiladas al fondo, ha encontrado su sitio de creatividad e inspiraci\u00f3n sin fin.\" srcset=\"https:\/\/rmmfi.org\/wp-content\/uploads\/2024\/08\/photo-1-7.png 728w, https:\/\/rmmfi.org\/wp-content\/uploads\/2024\/08\/photo-1-7-300x256.png 300w\" sizes=\"(max-width: 728px) 100vw, 728px\" title=\"\">\t\t\t\t\t\t\t\t\t\t\t\t\t\t\t<\/div>\n\t\t\t\t<\/div>\n\t\t\t\t<\/div>\n\t\t\t\t<\/div>\n\t\t<div class=\"elementor-element elementor-element-a918d84 e-flex e-con-boxed e-con e-parent\" data-id=\"a918d84\" data-element_type=\"container\" data-e-type=\"container\">\n\t\t\t\t\t<div class=\"e-con-inner\">\n\t\t<div class=\"elementor-element elementor-element-2c61046 e-con-full e-flex e-con e-child\" data-id=\"2c61046\" data-element_type=\"container\" data-e-type=\"container\">\n\t\t\t\t<div class=\"elementor-element elementor-element-d25b54f elementor-widget__width-initial elementor-widget-tablet__width-inherit elementor-widget elementor-widget-text-editor\" data-id=\"d25b54f\" data-element_type=\"widget\" data-e-type=\"widget\" data-widget_type=\"text-editor.default\">\n\t\t\t\t<div class=\"elementor-widget-container\">\n\t\t\t\t\t\t\t\t\t<p>En Colorado, RMMFI apoya a los empresarios de todo el estado con 5 sedes del programa en 2 regiones.<\/p>\n\t\t\t\t\t\t\t\t<\/div>\n\t\t\t\t<\/div>\n\t\t\t\t<div class=\"elementor-element elementor-element-c07f6b9 elementor-hidden-widescreen elementor-hidden-desktop elementor-hidden-tablet elementor-widget elementor-widget-image\" data-id=\"c07f6b9\" data-element_type=\"widget\" data-e-type=\"widget\" data-widget_type=\"image.default\">\n\t\t\t\t<div class=\"elementor-widget-container\">\n\t\t\t\t\t\t\t\t\t\t\t\t\t\t\t<img decoding=\"async\" width=\"339\" height=\"350\" data-src=\"https:\/\/rmmfi.org\/wp-content\/uploads\/2024\/08\/Rectangle-3463425-1.svg\" class=\"attachment-full size-full wp-image-23967 lazyload\" alt=\"\" title=\"\" src=\"data:image\/svg+xml;base64,PHN2ZyB3aWR0aD0iMSIgaGVpZ2h0PSIxIiB4bWxucz0iaHR0cDovL3d3dy53My5vcmcvMjAwMC9zdmciPjwvc3ZnPg==\" style=\"--smush-placeholder-width: 339px; --smush-placeholder-aspect-ratio: 339\/350;\">\t\t\t\t\t\t\t\t\t\t\t\t\t\t\t<\/div>\n\t\t\t\t<\/div>\n\t\t\t\t<div class=\"elementor-element elementor-element-bdf1b5b elementor-hidden-mobile elementor-widget elementor-widget-image\" data-id=\"bdf1b5b\" data-element_type=\"widget\" data-e-type=\"widget\" data-widget_type=\"image.default\">\n\t\t\t\t<div class=\"elementor-widget-container\">\n\t\t\t\t\t\t\t\t\t\t\t\t\t\t\t<img decoding=\"async\" width=\"4269\" height=\"2400\" data-src=\"https:\/\/rmmfi.org\/wp-content\/uploads\/2024\/09\/DMR-Website-Map.png\" class=\"attachment-full size-full wp-image-24454 lazyload\" alt=\"Mapa que destaca las regiones de Colorado: La Regi\u00f3n Metropolitana de Denver, marcada en rojo, incluye los condados de Adams, Arapahoe, Boulder, Broomfield, Denver, Douglas y Jefferson. La Regi\u00f3n de Colorado Rural aparece en verde y abarca el resto del estado con etiquetas para cada condado.\" data-srcset=\"https:\/\/rmmfi.org\/wp-content\/uploads\/2024\/09\/DMR-Website-Map.png 4269w, https:\/\/rmmfi.org\/wp-content\/uploads\/2024\/09\/DMR-Website-Map-300x169.png 300w, https:\/\/rmmfi.org\/wp-content\/uploads\/2024\/09\/DMR-Website-Map-1024x576.png 1024w, https:\/\/rmmfi.org\/wp-content\/uploads\/2024\/09\/DMR-Website-Map-768x432.png 768w, https:\/\/rmmfi.org\/wp-content\/uploads\/2024\/09\/DMR-Website-Map-1536x864.png 1536w, https:\/\/rmmfi.org\/wp-content\/uploads\/2024\/09\/DMR-Website-Map-2048x1151.png 2048w\" data-sizes=\"(max-width: 4269px) 100vw, 4269px\" title=\"\" src=\"data:image\/svg+xml;base64,PHN2ZyB3aWR0aD0iMSIgaGVpZ2h0PSIxIiB4bWxucz0iaHR0cDovL3d3dy53My5vcmcvMjAwMC9zdmciPjwvc3ZnPg==\" style=\"--smush-placeholder-width: 4269px; --smush-placeholder-aspect-ratio: 4269\/2400;\">\t\t\t\t\t\t\t\t\t\t\t\t\t\t\t<\/div>\n\t\t\t\t<\/div>\n\t\t\t\t<\/div>\n\t\t<div class=\"elementor-element elementor-element-efb93a4 e-con-full e-flex e-con e-child\" data-id=\"efb93a4\" data-element_type=\"container\" data-e-type=\"container\">\n\t\t\t\t<div class=\"elementor-element elementor-element-af377e0 elementor-widget__width-initial elementor-widget-tablet__width-inherit elementor-widget elementor-widget-text-editor\" data-id=\"af377e0\" data-element_type=\"widget\" data-e-type=\"widget\" data-widget_type=\"text-editor.default\">\n\t\t\t\t<div class=\"elementor-widget-container\">\n\t\t\t\t\t\t\t\t\t<p>En Nuevo M\u00e9xico, RMMFI y B:Side Fund apoyan a los empresarios de las zonas rurales del estado.<\/p>\n\t\t\t\t\t\t\t\t<\/div>\n\t\t\t\t<\/div>\n\t\t\t\t<div class=\"elementor-element elementor-element-a818e9c elementor-hidden-widescreen elementor-hidden-desktop elementor-hidden-tablet elementor-widget elementor-widget-image\" data-id=\"a818e9c\" data-element_type=\"widget\" data-e-type=\"widget\" data-widget_type=\"image.default\">\n\t\t\t\t<div class=\"elementor-widget-container\">\n\t\t\t\t\t\t\t\t\t\t\t\t\t\t\t<img decoding=\"async\" width=\"339\" height=\"350\" data-src=\"https:\/\/rmmfi.org\/wp-content\/uploads\/2024\/08\/Group-427323191-1.svg\" class=\"attachment-full size-full wp-image-23968 lazyload\" alt=\"\" title=\"\" src=\"data:image\/svg+xml;base64,PHN2ZyB3aWR0aD0iMSIgaGVpZ2h0PSIxIiB4bWxucz0iaHR0cDovL3d3dy53My5vcmcvMjAwMC9zdmciPjwvc3ZnPg==\" style=\"--smush-placeholder-width: 339px; --smush-placeholder-aspect-ratio: 339\/350;\">\t\t\t\t\t\t\t\t\t\t\t\t\t\t\t<\/div>\n\t\t\t\t<\/div>\n\t\t\t\t<div class=\"elementor-element elementor-element-7731937 elementor-hidden-mobile elementor-widget elementor-widget-image\" data-id=\"7731937\" data-element_type=\"widget\" data-e-type=\"widget\" data-widget_type=\"image.default\">\n\t\t\t\t<div class=\"elementor-widget-container\">\n\t\t\t\t\t\t\t\t\t\t\t\t\t\t\t<img decoding=\"async\" width=\"4269\" height=\"2400\" data-src=\"https:\/\/rmmfi.org\/wp-content\/uploads\/2024\/09\/Rural-New-Mexico-Website-Map.png\" class=\"attachment-full size-full wp-image-24455 lazyload\" alt=\"Mapa de Nuevo M\u00e9xico en el que se destacan las regiones rurales en azul. Condados como Torrance, Bernalillo y Santa Fe est\u00e1n etiquetados para facilitar la navegaci\u00f3n. Una leyenda muestra las zonas rurales en azul, ayud\u00e1ndote a encontrar tu lugar de inter\u00e9s con claridad y precisi\u00f3n.\" data-srcset=\"https:\/\/rmmfi.org\/wp-content\/uploads\/2024\/09\/Rural-New-Mexico-Website-Map.png 4269w, https:\/\/rmmfi.org\/wp-content\/uploads\/2024\/09\/Rural-New-Mexico-Website-Map-300x169.png 300w, https:\/\/rmmfi.org\/wp-content\/uploads\/2024\/09\/Rural-New-Mexico-Website-Map-1024x576.png 1024w, https:\/\/rmmfi.org\/wp-content\/uploads\/2024\/09\/Rural-New-Mexico-Website-Map-768x432.png 768w, https:\/\/rmmfi.org\/wp-content\/uploads\/2024\/09\/Rural-New-Mexico-Website-Map-1536x864.png 1536w, https:\/\/rmmfi.org\/wp-content\/uploads\/2024\/09\/Rural-New-Mexico-Website-Map-2048x1151.png 2048w\" data-sizes=\"(max-width: 4269px) 100vw, 4269px\" title=\"\" src=\"data:image\/svg+xml;base64,PHN2ZyB3aWR0aD0iMSIgaGVpZ2h0PSIxIiB4bWxucz0iaHR0cDovL3d3dy53My5vcmcvMjAwMC9zdmciPjwvc3ZnPg==\" style=\"--smush-placeholder-width: 4269px; --smush-placeholder-aspect-ratio: 4269\/2400;\">\t\t\t\t\t\t\t\t\t\t\t\t\t\t\t<\/div>\n\t\t\t\t<\/div>\n\t\t\t\t<div class=\"elementor-element elementor-element-6d156bb elementor-widget elementor-widget-text-editor\" data-id=\"6d156bb\" data-element_type=\"widget\" data-e-type=\"widget\" data-widget_type=\"text-editor.default\">\n\t\t\t\t<div class=\"elementor-widget-container\">\n\t\t\t\t\t\t\t\t\t<p>Selecciona abajo tu regi\u00f3n para encontrar el programa m\u00e1s cercano a ti.<\/p>\n\t\t\t\t\t\t\t\t<\/div>\n\t\t\t\t<\/div>\n\t\t\t\t<\/div>\n\t\t\t\t\t<\/div>\n\t\t\t\t<\/div>\n\t\t<div class=\"elementor-element elementor-element-519e354 e-flex e-con-boxed e-con e-parent\" data-id=\"519e354\" data-element_type=\"container\" data-e-type=\"container\">\n\t\t\t\t\t<div class=\"e-con-inner\">\n\t\t\t\t<div class=\"elementor-element elementor-element-68b6726 elementor-widget elementor-widget-heading\" data-id=\"68b6726\" data-element_type=\"widget\" data-e-type=\"widget\" data-widget_type=\"heading.default\">\n\t\t\t\t<div class=\"elementor-widget-container\">\n\t\t\t\t\t<h2 class=\"elementor-heading-title elementor-size-default\">Explora nuestras regiones<\/h2>\t\t\t\t<\/div>\n\t\t\t\t<\/div>\n\t\t<div class=\"elementor-element elementor-element-e91b66a e-con-full e-flex e-con e-child\" data-id=\"e91b66a\" data-element_type=\"container\" data-e-type=\"container\">\n\t\t<div class=\"elementor-element elementor-element-dcf9e1c e-con-full e-flex e-con e-child\" data-id=\"dcf9e1c\" data-element_type=\"container\" data-e-type=\"container\" data-settings=\"{&quot;background_background&quot;:&quot;classic&quot;}\">\n\t\t\t\t<div class=\"elementor-element elementor-element-f6644c4 elementor-widget elementor-widget-heading\" data-id=\"f6644c4\" data-element_type=\"widget\" data-e-type=\"widget\" data-widget_type=\"heading.default\">\n\t\t\t\t<div class=\"elementor-widget-container\">\n\t\t\t\t\t<h3 class=\"elementor-heading-title elementor-size-default\">Regi\u00f3n metropolitana de Denver<\/h3>\t\t\t\t<\/div>\n\t\t\t\t<\/div>\n\t\t\t\t<div class=\"elementor-element elementor-element-223e596 elementor-align-center elementor-widget elementor-widget-button\" data-id=\"223e596\" data-element_type=\"widget\" data-e-type=\"widget\" data-widget_type=\"button.default\">\n\t\t\t\t<div class=\"elementor-widget-container\">\n\t\t\t\t\t\t\t\t\t<div class=\"elementor-button-wrapper\">\n\t\t\t\t\t<a class=\"elementor-button elementor-button-link elementor-size-sm\" href=\"https:\/\/rmmfi.org\/es\/area-metropolitana-de-denver\/\">\n\t\t\t\t\t\t<span class=\"elementor-button-content-wrapper\">\n\t\t\t\t\t\t\t\t\t<span class=\"elementor-button-text\">saber m\u00e1s<\/span>\n\t\t\t\t\t<\/span>\n\t\t\t\t\t<\/a>\n\t\t\t\t<\/div>\n\t\t\t\t\t\t\t\t<\/div>\n\t\t\t\t<\/div>\n\t\t\t\t<\/div>\n\t\t<div class=\"elementor-element elementor-element-27490bc e-con-full e-flex e-con e-child\" data-id=\"27490bc\" data-element_type=\"container\" data-e-type=\"container\" data-settings=\"{&quot;background_background&quot;:&quot;classic&quot;}\">\n\t\t\t\t<div class=\"elementor-element elementor-element-b8a6bd9 elementor-widget elementor-widget-heading\" data-id=\"b8a6bd9\" data-element_type=\"widget\" data-e-type=\"widget\" data-widget_type=\"heading.default\">\n\t\t\t\t<div class=\"elementor-widget-container\">\n\t\t\t\t\t<h3 class=\"elementor-heading-title elementor-size-default\">Regi\u00f3n rural de Colorado<\/h3>\t\t\t\t<\/div>\n\t\t\t\t<\/div>\n\t\t\t\t<div class=\"elementor-element elementor-element-761d6f0 elementor-align-center elementor-widget elementor-widget-button\" data-id=\"761d6f0\" data-element_type=\"widget\" data-e-type=\"widget\" data-widget_type=\"button.default\">\n\t\t\t\t<div class=\"elementor-widget-container\">\n\t\t\t\t\t\t\t\t\t<div class=\"elementor-button-wrapper\">\n\t\t\t\t\t<a class=\"elementor-button elementor-button-link elementor-size-sm\" href=\"https:\/\/rmmfi.org\/es\/colorado-rural\/\">\n\t\t\t\t\t\t<span class=\"elementor-button-content-wrapper\">\n\t\t\t\t\t\t\t\t\t<span class=\"elementor-button-text\">saber m\u00e1s<\/span>\n\t\t\t\t\t<\/span>\n\t\t\t\t\t<\/a>\n\t\t\t\t<\/div>\n\t\t\t\t\t\t\t\t<\/div>\n\t\t\t\t<\/div>\n\t\t\t\t<\/div>\n\t\t<div class=\"elementor-element elementor-element-06a9e26 e-con-full e-flex e-con e-child\" data-id=\"06a9e26\" data-element_type=\"container\" data-e-type=\"container\" data-settings=\"{&quot;background_background&quot;:&quot;classic&quot;}\">\n\t\t\t\t<div class=\"elementor-element elementor-element-dbf555e elementor-widget elementor-widget-heading\" data-id=\"dbf555e\" data-element_type=\"widget\" data-e-type=\"widget\" data-widget_type=\"heading.default\">\n\t\t\t\t<div class=\"elementor-widget-container\">\n\t\t\t\t\t<h3 class=\"elementor-heading-title elementor-size-default\">Nuevo M\u00e9xico rural<\/h3>\t\t\t\t<\/div>\n\t\t\t\t<\/div>\n\t\t\t\t<div class=\"elementor-element elementor-element-7a58b4c elementor-align-center elementor-widget elementor-widget-button\" data-id=\"7a58b4c\" data-element_type=\"widget\" data-e-type=\"widget\" data-widget_type=\"button.default\">\n\t\t\t\t<div class=\"elementor-widget-container\">\n\t\t\t\t\t\t\t\t\t<div class=\"elementor-button-wrapper\">\n\t\t\t\t\t<a class=\"elementor-button elementor-button-link elementor-size-sm\" href=\"https:\/\/rmmfi.org\/es\/nuevo-mexico\/\">\n\t\t\t\t\t\t<span class=\"elementor-button-content-wrapper\">\n\t\t\t\t\t\t\t\t\t<span class=\"elementor-button-text\">saber m\u00e1s<\/span>\n\t\t\t\t\t<\/span>\n\t\t\t\t\t<\/a>\n\t\t\t\t<\/div>\n\t\t\t\t\t\t\t\t<\/div>\n\t\t\t\t<\/div>\n\t\t\t\t<\/div>\n\t\t\t\t<\/div>\n\t\t\t\t\t<\/div>\n\t\t\t\t<\/div>\n\t\t<div class=\"elementor-element elementor-element-bc11d4a e-con-full e-flex e-con e-parent\" data-id=\"bc11d4a\" data-element_type=\"container\" data-e-type=\"container\" data-settings=\"{&quot;background_background&quot;:&quot;classic&quot;}\">\n\t\t<div class=\"elementor-element elementor-element-d196e31 e-con-full e-flex e-con e-child\" data-id=\"d196e31\" data-element_type=\"container\" data-e-type=\"container\">\n\t\t\t\t<div class=\"elementor-element elementor-element-1ce5172 elementor-hidden-widescreen elementor-hidden-desktop elementor-hidden-tablet elementor-widget elementor-widget-image\" data-id=\"1ce5172\" data-element_type=\"widget\" data-e-type=\"widget\" data-widget_type=\"image.default\">\n\t\t\t\t<div class=\"elementor-widget-container\">\n\t\t\t\t\t\t\t\t\t\t\t\t\t\t\t<img decoding=\"async\" width=\"357\" height=\"234\" data-src=\"https:\/\/rmmfi.org\/wp-content\/uploads\/2024\/08\/Ellipse-7-2.png\" class=\"attachment-full size-full wp-image-23970 lazyload\" alt=\"Tres personas sonr\u00eden a la c\u00e1mara. La persona del centro sostiene una planta, mientras que la de la derecha muestra con orgullo un certificado. Parecen estar asistiendo a un acto de &quot;Encuentra tu sitio&quot;, celebrando sus logros y sus nuevas oportunidades.\" data-srcset=\"https:\/\/rmmfi.org\/wp-content\/uploads\/2024\/08\/Ellipse-7-2.png 357w, https:\/\/rmmfi.org\/wp-content\/uploads\/2024\/08\/Ellipse-7-2-300x197.png 300w\" data-sizes=\"(max-width: 357px) 100vw, 357px\" title=\"\" src=\"data:image\/svg+xml;base64,PHN2ZyB3aWR0aD0iMSIgaGVpZ2h0PSIxIiB4bWxucz0iaHR0cDovL3d3dy53My5vcmcvMjAwMC9zdmciPjwvc3ZnPg==\" style=\"--smush-placeholder-width: 357px; --smush-placeholder-aspect-ratio: 357\/234;\">\t\t\t\t\t\t\t\t\t\t\t\t\t\t\t<\/div>\n\t\t\t\t<\/div>\n\t\t\t\t<div class=\"elementor-element elementor-element-9c8337a elementor-hidden-mobile elementor-widget elementor-widget-image\" data-id=\"9c8337a\" data-element_type=\"widget\" data-e-type=\"widget\" data-widget_type=\"image.default\">\n\t\t\t\t<div class=\"elementor-widget-container\">\n\t\t\t\t\t\t\t\t\t\t\t\t\t\t\t<img decoding=\"async\" width=\"590\" height=\"695\" data-src=\"https:\/\/rmmfi.org\/wp-content\/uploads\/2024\/08\/Ellipse-1161-1-1.png\" class=\"attachment-full size-full wp-image-23969 lazyload\" alt=\"Dos mujeres sonr\u00eden alegremente, una mayor con gafas que sostiene una maceta, la m\u00e1s joven que aferra un certificado del &quot;Campamento de Entrenamiento para el Lanzamiento de Empresas&quot;. Ambas llevan etiquetas con su nombre en la luminosa sala donde han encontrado su lugar de inspiraci\u00f3n y crecimiento.\" data-srcset=\"https:\/\/rmmfi.org\/wp-content\/uploads\/2024\/08\/Ellipse-1161-1-1.png 590w, https:\/\/rmmfi.org\/wp-content\/uploads\/2024\/08\/Ellipse-1161-1-1-255x300.png 255w\" data-sizes=\"(max-width: 590px) 100vw, 590px\" title=\"\" src=\"data:image\/svg+xml;base64,PHN2ZyB3aWR0aD0iMSIgaGVpZ2h0PSIxIiB4bWxucz0iaHR0cDovL3d3dy53My5vcmcvMjAwMC9zdmciPjwvc3ZnPg==\" style=\"--smush-placeholder-width: 590px; --smush-placeholder-aspect-ratio: 590\/695;\">\t\t\t\t\t\t\t\t\t\t\t\t\t\t\t<\/div>\n\t\t\t\t<\/div>\n\t\t\t\t<\/div>\n\t\t<div class=\"elementor-element elementor-element-d988b22 e-con-full e-flex e-con e-child\" data-id=\"d988b22\" data-element_type=\"container\" data-e-type=\"container\">\n\t\t\t\t<div class=\"elementor-element elementor-element-bb8d9ef elementor-widget elementor-widget-heading\" data-id=\"bb8d9ef\" data-element_type=\"widget\" data-e-type=\"widget\" data-widget_type=\"heading.default\">\n\t\t\t\t<div class=\"elementor-widget-container\">\n\t\t\t\t\t<h3 class=\"elementor-heading-title elementor-size-default\">\u00bfNo ves tu ciudad o regi\u00f3n?  <\/h3>\t\t\t\t<\/div>\n\t\t\t\t<\/div>\n\t\t\t\t<div class=\"elementor-element elementor-element-93943d8 elementor-widget__width-initial elementor-widget elementor-widget-text-editor\" data-id=\"93943d8\" data-element_type=\"widget\" data-e-type=\"widget\" data-widget_type=\"text-editor.default\">\n\t\t\t\t<div class=\"elementor-widget-container\">\n\t\t\t\t\t\t\t\t\t<p>Haznos saber que te gustar\u00eda tener los programas de RMMFI en tu comunidad rellenando el siguiente formulario<\/p>\n\t\t\t\t\t\t\t\t<\/div>\n\t\t\t\t<\/div>\n\t\t\t\t<div class=\"elementor-element elementor-element-2c03b5d elementor-mobile-button-align-start elementor-button-align-stretch elementor-widget elementor-widget-form\" data-id=\"2c03b5d\" data-element_type=\"widget\" data-e-type=\"widget\" data-settings=\"{&quot;button_width&quot;:&quot;25&quot;,&quot;step_next_label&quot;:&quot;Siguiente&quot;,&quot;step_previous_label&quot;:&quot;Anterior&quot;,&quot;step_type&quot;:&quot;number_text&quot;,&quot;step_icon_shape&quot;:&quot;circle&quot;}\" data-widget_type=\"form.default\">\n\t\t\t\t<div class=\"elementor-widget-container\">\n\t\t\t\t\t\t\t<form class=\"elementor-form\" method=\"post\" name=\"Formulario &quot;Encuentra tu sitio\" aria-label=\"Formulario &quot;Encuentra tu sitio\">\n\t\t\t<input type=\"hidden\" name=\"post_id\" value=\"24524\"\/>\n\t\t\t<input type=\"hidden\" name=\"form_id\" value=\"2c03b5d\"\/>\n\t\t\t<input type=\"hidden\" name=\"referer_title\" value=\"Encuentra tu sitio - RMMFI\" \/>\n\n\t\t\t\t\t\t\t<input type=\"hidden\" name=\"queried_id\" value=\"24524\"\/>\n\t\t\t\n\t\t\t<div class=\"elementor-form-fields-wrapper elementor-labels-above\">\n\t\t\t\t\t\t\t\t<div class=\"elementor-field-type-text elementor-field-group elementor-column elementor-field-group-name elementor-col-50\">\n\t\t\t\t\t\t\t\t\t\t\t\t<label for=\"form-field-name\" class=\"elementor-field-label\">\n\t\t\t\t\t\t\t\tNombre\t\t\t\t\t\t\t<\/label>\n\t\t\t\t\t\t\t\t\t\t\t\t\t\t<input size=\"1\" type=\"text\" name=\"form_fields[name]\" id=\"form-field-name\" class=\"elementor-field elementor-size-md  elementor-field-textual\" placeholder=\"Tu nombre\">\n\t\t\t\t\t\t\t\t\t\t\t<\/div>\n\t\t\t\t\t\t\t\t<div class=\"elementor-field-type-email elementor-field-group elementor-column elementor-field-group-email elementor-col-50 elementor-field-required\">\n\t\t\t\t\t\t\t\t\t\t\t\t<label for=\"form-field-email\" class=\"elementor-field-label\">\n\t\t\t\t\t\t\t\tEnv\u00eda un correo electr\u00f3nico a\t\t\t\t\t\t\t<\/label>\n\t\t\t\t\t\t\t\t\t\t\t\t\t\t<input size=\"1\" type=\"email\" name=\"form_fields[email]\" id=\"form-field-email\" class=\"elementor-field elementor-size-md  elementor-field-textual\" placeholder=\"Tu correo electr\u00f3nico\" required=\"required\">\n\t\t\t\t\t\t\t\t\t\t\t<\/div>\n\t\t\t\t\t\t\t\t<div class=\"elementor-field-type-text elementor-field-group elementor-column elementor-field-group-message elementor-col-100\">\n\t\t\t\t\t\t\t\t\t\t\t\t<label for=\"form-field-message\" class=\"elementor-field-label\">\n\t\t\t\t\t\t\t\tCiudad\/Pueblo\t\t\t\t\t\t\t<\/label>\n\t\t\t\t\t\t\t\t\t\t\t\t\t\t<input size=\"1\" type=\"text\" name=\"form_fields[message]\" id=\"form-field-message\" class=\"elementor-field elementor-size-md  elementor-field-textual\" placeholder=\"Tu ciudad\">\n\t\t\t\t\t\t\t\t\t\t\t<\/div>\n\t\t\t\t\t\t\t\t<div class=\"elementor-field-type-select elementor-field-group elementor-column elementor-field-group-field_35e44ea elementor-col-100 elementor-field-required\">\n\t\t\t\t\t\t\t\t\t\t\t\t<label for=\"form-field-field_35e44ea\" class=\"elementor-field-label\">\n\t\t\t\t\t\t\t\tSoy un\t\t\t\t\t\t\t<\/label>\n\t\t\t\t\t\t\t\t<div class=\"elementor-field elementor-select-wrapper remove-before \">\n\t\t\t<div class=\"select-caret-down-wrapper\">\n\t\t\t\t<svg aria-hidden=\"true\" class=\"e-font-icon-svg e-eicon-caret-down\" viewBox=\"0 0 571.4 571.4\" xmlns=\"http:\/\/www.w3.org\/2000\/svg\"><path d=\"M571 393Q571 407 561 418L311 668Q300 679 286 679T261 668L11 418Q0 407 0 393T11 368 36 357H536Q550 357 561 368T571 393Z\"><\/path><\/svg>\t\t\t<\/div>\n\t\t\t<select name=\"form_fields[field_35e44ea]\" id=\"form-field-field_35e44ea\" class=\"elementor-field-textual elementor-size-md\" required=\"required\">\n\t\t\t\t\t\t\t\t\t<option value=\"Empresario interesado Socio interesado\">Empresario interesado Socio interesado<\/option>\n\t\t\t\t\t\t\t<\/select>\n\t\t<\/div>\n\t\t\t\t\t\t<\/div>\n\t\t\t\t\t\t\t\t<div class=\"elementor-field-group elementor-column elementor-field-type-submit elementor-col-25 e-form__buttons\">\n\t\t\t\t\t<button class=\"elementor-button elementor-size-sm\" type=\"submit\">\n\t\t\t\t\t\t<span class=\"elementor-button-content-wrapper\">\n\t\t\t\t\t\t\t\t\t\t\t\t\t\t\t\t\t\t\t\t\t\t<span class=\"elementor-button-text\">env\u00eda<\/span>\n\t\t\t\t\t\t\t\t\t\t\t\t\t<\/span>\n\t\t\t\t\t<\/button>\n\t\t\t\t<\/div>\n\t\t\t<\/div>\n\t\t<\/form>\n\t\t\t\t\t\t<\/div>\n\t\t\t\t<\/div>\n\t\t\t\t<\/div>\n\t\t\t\t<\/div>\n\t\t\t\t<\/div>\n\t\t","protected":false},"excerpt":{"rendered":"<p>Encuentra la sede de tu programa en Encuentra programas y recursos de RMMFI en tu zona. En Colorado, RMMFI apoya a los empresarios de todo el estado con 5 sedes [&hellip;]<\/p>\n","protected":false},"author":4,"featured_media":0,"parent":0,"menu_order":0,"comment_status":"closed","ping_status":"closed","template":"elementor_header_footer","meta":{"_acf_changed":false,"_tec_requires_first_save":true,"_EventAllDay":false,"_EventTimezone":"","_EventStartDate":"","_EventEndDate":"","_EventStartDateUTC":"","_EventEndDateUTC":"","_EventShowMap":false,"_EventShowMapLink":false,"_EventURL":"","_EventCost":"","_EventCostDescription":"","_EventCurrencySymbol":"","_EventCurrencyCode":"","_EventCurrencyPosition":"","_EventDateTimeSeparator":"","_EventTimeRangeSeparator":"","_EventOrganizerID":[],"_EventVenueID":[],"_OrganizerEmail":"","_OrganizerPhone":"","_OrganizerWebsite":"","_VenueAddress":"","_VenueCity":"","_VenueCountry":"","_VenueProvince":"","_VenueState":"","_VenueZip":"","_VenuePhone":"","_VenueURL":"","_VenueStateProvince":"","_VenueLat":"","_VenueLng":"","_VenueShowMap":false,"_VenueShowMapLink":false,"_tribe_blocks_recurrence_rules":"","_tribe_blocks_recurrence_description":"","_tribe_blocks_recurrence_exclusions":"","_ecp_custom_2":"","footnotes":""},"class_list":["post-24524","page","type-page","status-publish","hentry"],"acf":[],"_links":{"self":[{"href":"https:\/\/rmmfi.org\/es\/wp-json\/wp\/v2\/pages\/24524","targetHints":{"allow":["GET"]}}],"collection":[{"href":"https:\/\/rmmfi.org\/es\/wp-json\/wp\/v2\/pages"}],"about":[{"href":"https:\/\/rmmfi.org\/es\/wp-json\/wp\/v2\/types\/page"}],"author":[{"embeddable":true,"href":"https:\/\/rmmfi.org\/es\/wp-json\/wp\/v2\/users\/4"}],"replies":[{"embeddable":true,"href":"https:\/\/rmmfi.org\/es\/wp-json\/wp\/v2\/comments?post=24524"}],"version-history":[{"count":0,"href":"https:\/\/rmmfi.org\/es\/wp-json\/wp\/v2\/pages\/24524\/revisions"}],"wp:attachment":[{"href":"https:\/\/rmmfi.org\/es\/wp-json\/wp\/v2\/media?parent=24524"}],"curies":[{"name":"wp","href":"https:\/\/api.w.org\/{rel}","templated":true}]}}