{"id":24563,"date":"2024-08-17T19:38:18","date_gmt":"2024-08-18T01:38:18","guid":{"rendered":"https:\/\/rmmfi.org\/focos\/"},"modified":"2024-12-09T19:34:16","modified_gmt":"2024-12-10T02:34:16","slug":"focos","status":"publish","type":"page","link":"https:\/\/rmmfi.org\/es\/focos\/","title":{"rendered":"Focos"},"content":{"rendered":"<h1>Focos<\/h1>\n<p>Iluminando el viaje empresarial.<br \/>\nCelebra las victorias y obt\u00e9n informaci\u00f3n de los empresarios, voluntarios y socios comunitarios de RMMFI. <\/p>\n<p>\t\t\t\t\t\t\t\t\t\t\t\t\t<img decoding=\"async\" width=\"728\" height=\"621\" data-src=\"https:\/\/rmmfi.org\/wp-content\/uploads\/2024\/08\/photo-13.png\" alt=\"\" data-srcset=\"https:\/\/rmmfi.org\/wp-content\/uploads\/2024\/08\/photo-13.png 728w, https:\/\/rmmfi.org\/wp-content\/uploads\/2024\/08\/photo-13-300x256.png 300w\" data-sizes=\"auto, (max-width: 728px) 100vw, 728px\" src=\"data:image\/svg+xml;base64,PHN2ZyB3aWR0aD0iMSIgaGVpZ2h0PSIxIiB4bWxucz0iaHR0cDovL3d3dy53My5vcmcvMjAwMC9zdmciPjwvc3ZnPg==\" class=\"lazyload\" style=\"--smush-placeholder-width: 728px; --smush-placeholder-aspect-ratio: 728\/621;\" \/>\t\t\t\t\t\t\t\t\t\t\t\t\t<\/p>\n<h2>Emprendedores destacados<\/h2>\n<h2>Voluntarios destacados<\/h2>\n<h2>Suscr\u00edbete a nuestro bolet\u00edn<\/h2>\n<p>Suscr\u00edbete a nuestro bolet\u00edn de noticias para recibir m\u00e1s anuncios de emprendedores y comunidades en tu correo electr\u00f3nico.<\/p>\n<p>\t\t\t\t\t\t\t\t\t\t\t\t\t<img decoding=\"async\" width=\"586\" height=\"353\" data-src=\"https:\/\/rmmfi.org\/wp-content\/uploads\/2024\/09\/sdfasf.png\" alt=\"\" data-srcset=\"https:\/\/rmmfi.org\/wp-content\/uploads\/2024\/09\/sdfasf.png 586w, https:\/\/rmmfi.org\/wp-content\/uploads\/2024\/09\/sdfasf-300x181.png 300w\" data-sizes=\"auto, (max-width: 586px) 100vw, 586px\" src=\"data:image\/svg+xml;base64,PHN2ZyB3aWR0aD0iMSIgaGVpZ2h0PSIxIiB4bWxucz0iaHR0cDovL3d3dy53My5vcmcvMjAwMC9zdmciPjwvc3ZnPg==\" class=\"lazyload\" style=\"--smush-placeholder-width: 586px; --smush-placeholder-aspect-ratio: 586\/353;\" \/><\/p>\n","protected":false},"excerpt":{"rendered":"<p>Focos Iluminando el viaje empresarial. Celebra las victorias y obt\u00e9n informaci\u00f3n de los empresarios, voluntarios y socios comunitarios de RMMFI. Emprendedores destacados Voluntarios destacados Suscr\u00edbete a nuestro bolet\u00edn Suscr\u00edbete a [&hellip;]<\/p>\n","protected":false},"author":4,"featured_media":0,"parent":0,"menu_order":0,"comment_status":"closed","ping_status":"closed","template":"elementor_header_footer","meta":{"_acf_changed":false,"_tec_requires_first_save":true,"_EventAllDay":false,"_EventTimezone":"","_EventStartDate":"","_EventEndDate":"","_EventStartDateUTC":"","_EventEndDateUTC":"","_EventShowMap":false,"_EventShowMapLink":false,"_EventURL":"","_EventCost":"","_EventCostDescription":"","_EventCurrencySymbol":"","_EventCurrencyCode":"","_EventCurrencyPosition":"","_EventDateTimeSeparator":"","_EventTimeRangeSeparator":"","_EventOrganizerID":[],"_EventVenueID":[],"_OrganizerEmail":"","_OrganizerPhone":"","_OrganizerWebsite":"","_VenueAddress":"","_VenueCity":"","_VenueCountry":"","_VenueProvince":"","_VenueState":"","_VenueZip":"","_VenuePhone":"","_VenueURL":"","_VenueStateProvince":"","_VenueLat":"","_VenueLng":"","_VenueShowMap":false,"_VenueShowMapLink":false,"_tribe_blocks_recurrence_rules":"","_tribe_blocks_recurrence_description":"","_tribe_blocks_recurrence_exclusions":"","_ecp_custom_2":"","footnotes":""},"class_list":["post-24563","page","type-page","status-publish","hentry"],"acf":[],"yoast_head":"<!-- This site is optimized with the Yoast SEO plugin v27.4 - https:\/\/yoast.com\/product\/yoast-seo-wordpress\/ -->\n<title>Focos - RMMFI<\/title>\n<meta name=\"robots\" content=\"index, follow, max-snippet:-1, max-image-preview:large, max-video-preview:-1\" \/>\n<link rel=\"canonical\" href=\"https:\/\/rmmfi.org\/es\/focos\/\" \/>\n<meta property=\"og:locale\" content=\"es_ES\" \/>\n<meta property=\"og:type\" content=\"article\" \/>\n<meta property=\"og:title\" content=\"Focos - RMMFI\" \/>\n<meta property=\"og:description\" content=\"Focos Iluminando el viaje empresarial. Celebra las victorias y obt\u00e9n informaci\u00f3n de los empresarios, voluntarios y socios comunitarios de RMMFI. Emprendedores destacados Voluntarios destacados Suscr\u00edbete a nuestro bolet\u00edn Suscr\u00edbete a [&hellip;]\" \/>\n<meta property=\"og:url\" content=\"https:\/\/rmmfi.org\/es\/focos\/\" \/>\n<meta property=\"og:site_name\" content=\"RMMFI\" \/>\n<meta property=\"article:publisher\" content=\"https:\/\/www.facebook.com\/RMMFI\/\" \/>\n<meta property=\"article:modified_time\" content=\"2024-12-10T02:34:16+00:00\" \/>\n<meta property=\"og:image\" content=\"https:\/\/rmmfi.org\/wp-content\/uploads\/2024\/08\/photo-13.png\" \/>\n<meta name=\"twitter:card\" content=\"summary_large_image\" \/>\n<script type=\"application\/ld+json\" class=\"yoast-schema-graph\">{\"@context\":\"https:\\\/\\\/schema.org\",\"@graph\":[{\"@type\":\"WebPage\",\"@id\":\"https:\\\/\\\/rmmfi.org\\\/es\\\/focos\\\/\",\"url\":\"https:\\\/\\\/rmmfi.org\\\/es\\\/focos\\\/\",\"name\":\"Focos - RMMFI\",\"isPartOf\":{\"@id\":\"https:\\\/\\\/rmmfi.org\\\/es\\\/#website\"},\"primaryImageOfPage\":{\"@id\":\"https:\\\/\\\/rmmfi.org\\\/es\\\/focos\\\/#primaryimage\"},\"image\":{\"@id\":\"https:\\\/\\\/rmmfi.org\\\/es\\\/focos\\\/#primaryimage\"},\"thumbnailUrl\":\"https:\\\/\\\/rmmfi.org\\\/wp-content\\\/uploads\\\/2024\\\/08\\\/photo-13.png\",\"datePublished\":\"2024-08-18T01:38:18+00:00\",\"dateModified\":\"2024-12-10T02:34:16+00:00\",\"breadcrumb\":{\"@id\":\"https:\\\/\\\/rmmfi.org\\\/es\\\/focos\\\/#breadcrumb\"},\"inLanguage\":\"es\",\"potentialAction\":[{\"@type\":\"ReadAction\",\"target\":[\"https:\\\/\\\/rmmfi.org\\\/es\\\/focos\\\/\"]}]},{\"@type\":\"ImageObject\",\"inLanguage\":\"es\",\"@id\":\"https:\\\/\\\/rmmfi.org\\\/es\\\/focos\\\/#primaryimage\",\"url\":\"https:\\\/\\\/rmmfi.org\\\/wp-content\\\/uploads\\\/2024\\\/08\\\/photo-13.png\",\"contentUrl\":\"https:\\\/\\\/rmmfi.org\\\/wp-content\\\/uploads\\\/2024\\\/08\\\/photo-13.png\"},{\"@type\":\"BreadcrumbList\",\"@id\":\"https:\\\/\\\/rmmfi.org\\\/es\\\/focos\\\/#breadcrumb\",\"itemListElement\":[{\"@type\":\"ListItem\",\"position\":1,\"name\":\"Home\",\"item\":\"https:\\\/\\\/rmmfi.org\\\/es\\\/\"},{\"@type\":\"ListItem\",\"position\":2,\"name\":\"Focos\"}]},{\"@type\":\"WebSite\",\"@id\":\"https:\\\/\\\/rmmfi.org\\\/es\\\/#website\",\"url\":\"https:\\\/\\\/rmmfi.org\\\/es\\\/\",\"name\":\"RMMFI\",\"description\":\"Opportunity Through Entrepreneurship\",\"publisher\":{\"@id\":\"https:\\\/\\\/rmmfi.org\\\/es\\\/#organization\"},\"potentialAction\":[{\"@type\":\"SearchAction\",\"target\":{\"@type\":\"EntryPoint\",\"urlTemplate\":\"https:\\\/\\\/rmmfi.org\\\/es\\\/?s={search_term_string}\"},\"query-input\":{\"@type\":\"PropertyValueSpecification\",\"valueRequired\":true,\"valueName\":\"search_term_string\"}}],\"inLanguage\":\"es\"},{\"@type\":\"Organization\",\"@id\":\"https:\\\/\\\/rmmfi.org\\\/es\\\/#organization\",\"name\":\"RMMFI\",\"url\":\"https:\\\/\\\/rmmfi.org\\\/es\\\/\",\"logo\":{\"@type\":\"ImageObject\",\"inLanguage\":\"es\",\"@id\":\"https:\\\/\\\/rmmfi.org\\\/es\\\/#\\\/schema\\\/logo\\\/image\\\/\",\"url\":\"https:\\\/\\\/rmmfi.org\\\/wp-content\\\/uploads\\\/2024\\\/08\\\/Frame-11-1.svg\",\"contentUrl\":\"https:\\\/\\\/rmmfi.org\\\/wp-content\\\/uploads\\\/2024\\\/08\\\/Frame-11-1.svg\",\"width\":132,\"height\":50,\"caption\":\"RMMFI\"},\"image\":{\"@id\":\"https:\\\/\\\/rmmfi.org\\\/es\\\/#\\\/schema\\\/logo\\\/image\\\/\"},\"sameAs\":[\"https:\\\/\\\/www.facebook.com\\\/RMMFI\\\/\",\"https:\\\/\\\/www.instagram.com\\\/rmmfi\\\/\",\"https:\\\/\\\/www.linkedin.com\\\/company\\\/rmmfi\\\/\",\"https:\\\/\\\/www.youtube.com\\\/channel\\\/UCyMuFgxHWh-dgUVTjh8hG8g\"]}]}<\/script>\n<!-- \/ Yoast SEO plugin. -->","yoast_head_json":{"title":"Focos - RMMFI","robots":{"index":"index","follow":"follow","max-snippet":"max-snippet:-1","max-image-preview":"max-image-preview:large","max-video-preview":"max-video-preview:-1"},"canonical":"https:\/\/rmmfi.org\/es\/focos\/","og_locale":"es_ES","og_type":"article","og_title":"Focos - RMMFI","og_description":"Focos Iluminando el viaje empresarial. Celebra las victorias y obt\u00e9n informaci\u00f3n de los empresarios, voluntarios y socios comunitarios de RMMFI. Emprendedores destacados Voluntarios destacados Suscr\u00edbete a nuestro bolet\u00edn Suscr\u00edbete a [&hellip;]","og_url":"https:\/\/rmmfi.org\/es\/focos\/","og_site_name":"RMMFI","article_publisher":"https:\/\/www.facebook.com\/RMMFI\/","article_modified_time":"2024-12-10T02:34:16+00:00","og_image":[{"url":"https:\/\/rmmfi.org\/wp-content\/uploads\/2024\/08\/photo-13.png","type":"","width":"","height":""}],"twitter_card":"summary_large_image","schema":{"@context":"https:\/\/schema.org","@graph":[{"@type":"WebPage","@id":"https:\/\/rmmfi.org\/es\/focos\/","url":"https:\/\/rmmfi.org\/es\/focos\/","name":"Focos - RMMFI","isPartOf":{"@id":"https:\/\/rmmfi.org\/es\/#website"},"primaryImageOfPage":{"@id":"https:\/\/rmmfi.org\/es\/focos\/#primaryimage"},"image":{"@id":"https:\/\/rmmfi.org\/es\/focos\/#primaryimage"},"thumbnailUrl":"https:\/\/rmmfi.org\/wp-content\/uploads\/2024\/08\/photo-13.png","datePublished":"2024-08-18T01:38:18+00:00","dateModified":"2024-12-10T02:34:16+00:00","breadcrumb":{"@id":"https:\/\/rmmfi.org\/es\/focos\/#breadcrumb"},"inLanguage":"es","potentialAction":[{"@type":"ReadAction","target":["https:\/\/rmmfi.org\/es\/focos\/"]}]},{"@type":"ImageObject","inLanguage":"es","@id":"https:\/\/rmmfi.org\/es\/focos\/#primaryimage","url":"https:\/\/rmmfi.org\/wp-content\/uploads\/2024\/08\/photo-13.png","contentUrl":"https:\/\/rmmfi.org\/wp-content\/uploads\/2024\/08\/photo-13.png"},{"@type":"BreadcrumbList","@id":"https:\/\/rmmfi.org\/es\/focos\/#breadcrumb","itemListElement":[{"@type":"ListItem","position":1,"name":"Home","item":"https:\/\/rmmfi.org\/es\/"},{"@type":"ListItem","position":2,"name":"Focos"}]},{"@type":"WebSite","@id":"https:\/\/rmmfi.org\/es\/#website","url":"https:\/\/rmmfi.org\/es\/","name":"RMMFI","description":"Opportunity Through Entrepreneurship","publisher":{"@id":"https:\/\/rmmfi.org\/es\/#organization"},"potentialAction":[{"@type":"SearchAction","target":{"@type":"EntryPoint","urlTemplate":"https:\/\/rmmfi.org\/es\/?s={search_term_string}"},"query-input":{"@type":"PropertyValueSpecification","valueRequired":true,"valueName":"search_term_string"}}],"inLanguage":"es"},{"@type":"Organization","@id":"https:\/\/rmmfi.org\/es\/#organization","name":"RMMFI","url":"https:\/\/rmmfi.org\/es\/","logo":{"@type":"ImageObject","inLanguage":"es","@id":"https:\/\/rmmfi.org\/es\/#\/schema\/logo\/image\/","url":"https:\/\/rmmfi.org\/wp-content\/uploads\/2024\/08\/Frame-11-1.svg","contentUrl":"https:\/\/rmmfi.org\/wp-content\/uploads\/2024\/08\/Frame-11-1.svg","width":132,"height":50,"caption":"RMMFI"},"image":{"@id":"https:\/\/rmmfi.org\/es\/#\/schema\/logo\/image\/"},"sameAs":["https:\/\/www.facebook.com\/RMMFI\/","https:\/\/www.instagram.com\/rmmfi\/","https:\/\/www.linkedin.com\/company\/rmmfi\/","https:\/\/www.youtube.com\/channel\/UCyMuFgxHWh-dgUVTjh8hG8g"]}]}},"_links":{"self":[{"href":"https:\/\/rmmfi.org\/es\/wp-json\/wp\/v2\/pages\/24563","targetHints":{"allow":["GET"]}}],"collection":[{"href":"https:\/\/rmmfi.org\/es\/wp-json\/wp\/v2\/pages"}],"about":[{"href":"https:\/\/rmmfi.org\/es\/wp-json\/wp\/v2\/types\/page"}],"author":[{"embeddable":true,"href":"https:\/\/rmmfi.org\/es\/wp-json\/wp\/v2\/users\/4"}],"replies":[{"embeddable":true,"href":"https:\/\/rmmfi.org\/es\/wp-json\/wp\/v2\/comments?post=24563"}],"version-history":[{"count":0,"href":"https:\/\/rmmfi.org\/es\/wp-json\/wp\/v2\/pages\/24563\/revisions"}],"wp:attachment":[{"href":"https:\/\/rmmfi.org\/es\/wp-json\/wp\/v2\/media?parent=24563"}],"curies":[{"name":"wp","href":"https:\/\/api.w.org\/{rel}","templated":true}]}}