{"id":24583,"date":"2024-08-18T18:58:13","date_gmt":"2024-08-19T00:58:13","guid":{"rendered":"https:\/\/rmmfi.org\/boletin\/"},"modified":"2024-12-11T12:17:40","modified_gmt":"2024-12-11T19:17:40","slug":"boletin","status":"publish","type":"page","link":"https:\/\/rmmfi.org\/es\/boletin\/","title":{"rendered":"Bolet\u00edn de Voluntarios"},"content":{"rendered":"\t\t<div data-elementor-type=\"wp-page\" data-elementor-id=\"24583\" class=\"elementor elementor-24583 elementor-2665\" data-elementor-post-type=\"page\">\n\t\t\t\t<div class=\"elementor-element elementor-element-f3df324 e-flex e-con-boxed e-con e-parent\" data-id=\"f3df324\" data-element_type=\"container\" data-e-type=\"container\" data-settings=\"{&quot;background_background&quot;:&quot;classic&quot;}\">\n\t\t\t\t\t<div class=\"e-con-inner\">\n\t\t<div class=\"elementor-element elementor-element-81370f5 e-con-full e-flex e-con e-child\" data-id=\"81370f5\" data-element_type=\"container\" data-e-type=\"container\" data-settings=\"{&quot;background_background&quot;:&quot;classic&quot;}\">\n\t\t<div class=\"elementor-element elementor-element-ffb0247 e-con-full e-flex e-con e-child\" data-id=\"ffb0247\" data-element_type=\"container\" data-e-type=\"container\">\n\t\t\t\t<div class=\"elementor-element elementor-element-0e9122f elementor-widget elementor-widget-heading\" data-id=\"0e9122f\" data-element_type=\"widget\" data-e-type=\"widget\" data-widget_type=\"heading.default\">\n\t\t\t\t<div class=\"elementor-widget-container\">\n\t\t\t\t\t<h2 class=\"elementor-heading-title elementor-size-default\">Suscr\u00edbete a nuestro bolet\u00edn de voluntarios<\/h2>\t\t\t\t<\/div>\n\t\t\t\t<\/div>\n\t\t\t\t<div class=\"elementor-element elementor-element-c1f33a9 elementor-widget__width-inherit elementor-widget-mobile__width-inherit elementor-widget elementor-widget-text-editor\" data-id=\"c1f33a9\" data-element_type=\"widget\" data-e-type=\"widget\" data-widget_type=\"text-editor.default\">\n\t\t\t\t<div class=\"elementor-widget-container\">\n\t\t\t\t\t\t\t\t\t<p>El Bolet\u00edn de Voluntarios es la mejor fuente para conocer las pr\u00f3ximas oportunidades de voluntariado junto con otra informaci\u00f3n importante y actualizaciones espec\u00edficas para los voluntarios de RMMFI.<\/p>\n\t\t\t\t\t\t\t\t<\/div>\n\t\t\t\t<\/div>\n\t\t\t\t<div class=\"elementor-element elementor-element-baacc3b elementor-widget__width-inherit elementor-widget-mobile__width-initial elementor-button-align-stretch elementor-widget elementor-widget-form\" data-id=\"baacc3b\" data-element_type=\"widget\" data-e-type=\"widget\" data-settings=\"{&quot;button_width&quot;:&quot;30&quot;,&quot;button_width_mobile&quot;:&quot;30&quot;,&quot;step_next_label&quot;:&quot;Siguiente&quot;,&quot;step_previous_label&quot;:&quot;Anterior&quot;,&quot;step_type&quot;:&quot;number_text&quot;,&quot;step_icon_shape&quot;:&quot;circle&quot;}\" data-widget_type=\"form.default\">\n\t\t\t\t<div class=\"elementor-widget-container\">\n\t\t\t\t\t\t\t<form class=\"elementor-form\" method=\"post\" name=\"Formulario de la P\u00e1gina del Bolet\u00edn de Voluntarios\" aria-label=\"Formulario de la P\u00e1gina del Bolet\u00edn de Voluntarios\">\n\t\t\t<input type=\"hidden\" name=\"post_id\" value=\"24583\"\/>\n\t\t\t<input type=\"hidden\" name=\"form_id\" value=\"baacc3b\"\/>\n\t\t\t<input type=\"hidden\" name=\"referer_title\" value=\"Bolet\u00edn de Voluntarios - RMMFI\" \/>\n\n\t\t\t\t\t\t\t<input type=\"hidden\" name=\"queried_id\" value=\"24583\"\/>\n\t\t\t\n\t\t\t<div class=\"elementor-form-fields-wrapper elementor-labels-\">\n\t\t\t\t\t\t\t\t<div class=\"elementor-field-type-email elementor-field-group elementor-column elementor-field-group-v_email elementor-col-70 elementor-sm-70 elementor-field-required\">\n\t\t\t\t\t\t\t\t\t\t\t\t<label for=\"form-field-v_email\" class=\"elementor-field-label elementor-screen-only\">\n\t\t\t\t\t\t\t\tV_Email\t\t\t\t\t\t\t<\/label>\n\t\t\t\t\t\t\t\t\t\t\t\t\t\t<input size=\"1\" type=\"email\" name=\"form_fields[v_email]\" id=\"form-field-v_email\" class=\"elementor-field elementor-size-sm  elementor-field-textual\" placeholder=\"Introducir e-mail\" required=\"required\">\n\t\t\t\t\t\t\t\t\t\t\t<\/div>\n\t\t\t\t\t\t\t\t<div class=\"elementor-field-group elementor-column elementor-field-type-submit elementor-col-30 e-form__buttons elementor-sm-30\">\n\t\t\t\t\t<button class=\"elementor-button elementor-size-sm\" type=\"submit\">\n\t\t\t\t\t\t<span class=\"elementor-button-content-wrapper\">\n\t\t\t\t\t\t\t\t\t\t\t\t\t\t\t\t\t\t\t\t\t\t<span class=\"elementor-button-text\">Suscr\u00edbete<\/span>\n\t\t\t\t\t\t\t\t\t\t\t\t\t<\/span>\n\t\t\t\t\t<\/button>\n\t\t\t\t<\/div>\n\t\t\t<\/div>\n\t\t<\/form>\n\t\t\t\t\t\t<\/div>\n\t\t\t\t<\/div>\n\t\t\t\t<\/div>\n\t\t\t\t<div class=\"elementor-element elementor-element-b9ae250 elementor-widget__width-initial elementor-widget-mobile__width-inherit elementor-absolute elementor-widget elementor-widget-image\" data-id=\"b9ae250\" data-element_type=\"widget\" data-e-type=\"widget\" data-settings=\"{&quot;_position&quot;:&quot;absolute&quot;}\" data-widget_type=\"image.default\">\n\t\t\t\t<div class=\"elementor-widget-container\">\n\t\t\t\t\t\t\t\t\t\t\t\t\t\t\t<img fetchpriority=\"high\" decoding=\"async\" width=\"2211\" height=\"1989\" src=\"https:\/\/rmmfi.org\/wp-content\/uploads\/2024\/11\/image-139.png\" class=\"attachment-full size-full wp-image-28003\" alt=\"Dos personas abraz\u00e1ndose. La persona de la derecha sostiene una peque\u00f1a maceta y un certificado de premio. El fondo es un interior borroso, posiblemente un evento o ceremonia.\" srcset=\"https:\/\/rmmfi.org\/wp-content\/uploads\/2024\/11\/image-139.png 2211w, https:\/\/rmmfi.org\/wp-content\/uploads\/2024\/11\/image-139-300x270.png 300w, https:\/\/rmmfi.org\/wp-content\/uploads\/2024\/11\/image-139-1024x921.png 1024w, https:\/\/rmmfi.org\/wp-content\/uploads\/2024\/11\/image-139-768x691.png 768w, https:\/\/rmmfi.org\/wp-content\/uploads\/2024\/11\/image-139-1536x1382.png 1536w, https:\/\/rmmfi.org\/wp-content\/uploads\/2024\/11\/image-139-2048x1842.png 2048w\" sizes=\"(max-width: 2211px) 100vw, 2211px\" \/>\t\t\t\t\t\t\t\t\t\t\t\t\t\t\t<\/div>\n\t\t\t\t<\/div>\n\t\t\t\t<\/div>\n\t\t\t\t\t<\/div>\n\t\t\t\t<\/div>\n\t\t\t\t<\/div>\n\t\t","protected":false},"excerpt":{"rendered":"<p>Suscr\u00edbete a nuestro bolet\u00edn de voluntarios El Bolet\u00edn de Voluntarios es la mejor fuente para conocer las pr\u00f3ximas oportunidades de voluntariado junto con otra informaci\u00f3n importante y actualizaciones espec\u00edficas para [&hellip;]<\/p>\n","protected":false},"author":4,"featured_media":0,"parent":0,"menu_order":0,"comment_status":"closed","ping_status":"closed","template":"elementor_header_footer","meta":{"_acf_changed":false,"_tec_requires_first_save":true,"_EventAllDay":false,"_EventTimezone":"","_EventStartDate":"","_EventEndDate":"","_EventStartDateUTC":"","_EventEndDateUTC":"","_EventShowMap":false,"_EventShowMapLink":false,"_EventURL":"","_EventCost":"","_EventCostDescription":"","_EventCurrencySymbol":"","_EventCurrencyCode":"","_EventCurrencyPosition":"","_EventDateTimeSeparator":"","_EventTimeRangeSeparator":"","_EventOrganizerID":[],"_EventVenueID":[],"_OrganizerEmail":"","_OrganizerPhone":"","_OrganizerWebsite":"","_VenueAddress":"","_VenueCity":"","_VenueCountry":"","_VenueProvince":"","_VenueState":"","_VenueZip":"","_VenuePhone":"","_VenueURL":"","_VenueStateProvince":"","_VenueLat":"","_VenueLng":"","_VenueShowMap":false,"_VenueShowMapLink":false,"_tribe_blocks_recurrence_rules":"","_tribe_blocks_recurrence_description":"","_tribe_blocks_recurrence_exclusions":"","_ecp_custom_2":"","footnotes":""},"class_list":["post-24583","page","type-page","status-publish","hentry"],"acf":[],"yoast_head":"<!-- This site is optimized with the Yoast SEO plugin v27.4 - https:\/\/yoast.com\/product\/yoast-seo-wordpress\/ -->\n<title>Bolet\u00edn de Voluntarios - RMMFI<\/title>\n<meta name=\"robots\" content=\"index, follow, max-snippet:-1, max-image-preview:large, max-video-preview:-1\" \/>\n<link rel=\"canonical\" href=\"https:\/\/rmmfi.org\/es\/boletin\/\" \/>\n<meta property=\"og:locale\" content=\"es_ES\" \/>\n<meta property=\"og:type\" content=\"article\" \/>\n<meta property=\"og:title\" content=\"Bolet\u00edn de Voluntarios - RMMFI\" \/>\n<meta property=\"og:description\" content=\"Suscr\u00edbete a nuestro bolet\u00edn de voluntarios El Bolet\u00edn de Voluntarios es la mejor fuente para conocer las pr\u00f3ximas oportunidades de voluntariado junto con otra informaci\u00f3n importante y actualizaciones espec\u00edficas para [&hellip;]\" \/>\n<meta property=\"og:url\" content=\"https:\/\/rmmfi.org\/es\/boletin\/\" \/>\n<meta property=\"og:site_name\" content=\"RMMFI\" \/>\n<meta property=\"article:publisher\" content=\"https:\/\/www.facebook.com\/RMMFI\/\" \/>\n<meta property=\"article:modified_time\" content=\"2024-12-11T19:17:40+00:00\" \/>\n<meta property=\"og:image\" content=\"https:\/\/rmmfi.org\/wp-content\/uploads\/2024\/11\/image-139.png\" \/>\n\t<meta property=\"og:image:width\" content=\"2211\" \/>\n\t<meta property=\"og:image:height\" content=\"1989\" \/>\n\t<meta property=\"og:image:type\" content=\"image\/png\" \/>\n<meta name=\"twitter:card\" content=\"summary_large_image\" \/>\n<script type=\"application\/ld+json\" class=\"yoast-schema-graph\">{\"@context\":\"https:\\\/\\\/schema.org\",\"@graph\":[{\"@type\":\"WebPage\",\"@id\":\"https:\\\/\\\/rmmfi.org\\\/es\\\/boletin\\\/\",\"url\":\"https:\\\/\\\/rmmfi.org\\\/es\\\/boletin\\\/\",\"name\":\"Bolet\u00edn de Voluntarios - RMMFI\",\"isPartOf\":{\"@id\":\"https:\\\/\\\/rmmfi.org\\\/es\\\/#website\"},\"primaryImageOfPage\":{\"@id\":\"https:\\\/\\\/rmmfi.org\\\/es\\\/boletin\\\/#primaryimage\"},\"image\":{\"@id\":\"https:\\\/\\\/rmmfi.org\\\/es\\\/boletin\\\/#primaryimage\"},\"thumbnailUrl\":\"https:\\\/\\\/rmmfi.org\\\/wp-content\\\/uploads\\\/2024\\\/11\\\/image-139.png\",\"datePublished\":\"2024-08-19T00:58:13+00:00\",\"dateModified\":\"2024-12-11T19:17:40+00:00\",\"breadcrumb\":{\"@id\":\"https:\\\/\\\/rmmfi.org\\\/es\\\/boletin\\\/#breadcrumb\"},\"inLanguage\":\"es\",\"potentialAction\":[{\"@type\":\"ReadAction\",\"target\":[\"https:\\\/\\\/rmmfi.org\\\/es\\\/boletin\\\/\"]}]},{\"@type\":\"ImageObject\",\"inLanguage\":\"es\",\"@id\":\"https:\\\/\\\/rmmfi.org\\\/es\\\/boletin\\\/#primaryimage\",\"url\":\"https:\\\/\\\/rmmfi.org\\\/wp-content\\\/uploads\\\/2024\\\/11\\\/image-139.png\",\"contentUrl\":\"https:\\\/\\\/rmmfi.org\\\/wp-content\\\/uploads\\\/2024\\\/11\\\/image-139.png\"},{\"@type\":\"BreadcrumbList\",\"@id\":\"https:\\\/\\\/rmmfi.org\\\/es\\\/boletin\\\/#breadcrumb\",\"itemListElement\":[{\"@type\":\"ListItem\",\"position\":1,\"name\":\"Home\",\"item\":\"https:\\\/\\\/rmmfi.org\\\/es\\\/\"},{\"@type\":\"ListItem\",\"position\":2,\"name\":\"Bolet\u00edn de Voluntarios\"}]},{\"@type\":\"WebSite\",\"@id\":\"https:\\\/\\\/rmmfi.org\\\/es\\\/#website\",\"url\":\"https:\\\/\\\/rmmfi.org\\\/es\\\/\",\"name\":\"RMMFI\",\"description\":\"Opportunity Through Entrepreneurship\",\"publisher\":{\"@id\":\"https:\\\/\\\/rmmfi.org\\\/es\\\/#organization\"},\"potentialAction\":[{\"@type\":\"SearchAction\",\"target\":{\"@type\":\"EntryPoint\",\"urlTemplate\":\"https:\\\/\\\/rmmfi.org\\\/es\\\/?s={search_term_string}\"},\"query-input\":{\"@type\":\"PropertyValueSpecification\",\"valueRequired\":true,\"valueName\":\"search_term_string\"}}],\"inLanguage\":\"es\"},{\"@type\":\"Organization\",\"@id\":\"https:\\\/\\\/rmmfi.org\\\/es\\\/#organization\",\"name\":\"RMMFI\",\"url\":\"https:\\\/\\\/rmmfi.org\\\/es\\\/\",\"logo\":{\"@type\":\"ImageObject\",\"inLanguage\":\"es\",\"@id\":\"https:\\\/\\\/rmmfi.org\\\/es\\\/#\\\/schema\\\/logo\\\/image\\\/\",\"url\":\"https:\\\/\\\/rmmfi.org\\\/wp-content\\\/uploads\\\/2024\\\/08\\\/Frame-11-1.svg\",\"contentUrl\":\"https:\\\/\\\/rmmfi.org\\\/wp-content\\\/uploads\\\/2024\\\/08\\\/Frame-11-1.svg\",\"width\":132,\"height\":50,\"caption\":\"RMMFI\"},\"image\":{\"@id\":\"https:\\\/\\\/rmmfi.org\\\/es\\\/#\\\/schema\\\/logo\\\/image\\\/\"},\"sameAs\":[\"https:\\\/\\\/www.facebook.com\\\/RMMFI\\\/\",\"https:\\\/\\\/www.instagram.com\\\/rmmfi\\\/\",\"https:\\\/\\\/www.linkedin.com\\\/company\\\/rmmfi\\\/\",\"https:\\\/\\\/www.youtube.com\\\/channel\\\/UCyMuFgxHWh-dgUVTjh8hG8g\"]}]}<\/script>\n<!-- \/ Yoast SEO plugin. -->","yoast_head_json":{"title":"Bolet\u00edn de Voluntarios - RMMFI","robots":{"index":"index","follow":"follow","max-snippet":"max-snippet:-1","max-image-preview":"max-image-preview:large","max-video-preview":"max-video-preview:-1"},"canonical":"https:\/\/rmmfi.org\/es\/boletin\/","og_locale":"es_ES","og_type":"article","og_title":"Bolet\u00edn de Voluntarios - RMMFI","og_description":"Suscr\u00edbete a nuestro bolet\u00edn de voluntarios El Bolet\u00edn de Voluntarios es la mejor fuente para conocer las pr\u00f3ximas oportunidades de voluntariado junto con otra informaci\u00f3n importante y actualizaciones espec\u00edficas para [&hellip;]","og_url":"https:\/\/rmmfi.org\/es\/boletin\/","og_site_name":"RMMFI","article_publisher":"https:\/\/www.facebook.com\/RMMFI\/","article_modified_time":"2024-12-11T19:17:40+00:00","og_image":[{"width":2211,"height":1989,"url":"https:\/\/rmmfi.org\/wp-content\/uploads\/2024\/11\/image-139.png","type":"image\/png"}],"twitter_card":"summary_large_image","schema":{"@context":"https:\/\/schema.org","@graph":[{"@type":"WebPage","@id":"https:\/\/rmmfi.org\/es\/boletin\/","url":"https:\/\/rmmfi.org\/es\/boletin\/","name":"Bolet\u00edn de Voluntarios - RMMFI","isPartOf":{"@id":"https:\/\/rmmfi.org\/es\/#website"},"primaryImageOfPage":{"@id":"https:\/\/rmmfi.org\/es\/boletin\/#primaryimage"},"image":{"@id":"https:\/\/rmmfi.org\/es\/boletin\/#primaryimage"},"thumbnailUrl":"https:\/\/rmmfi.org\/wp-content\/uploads\/2024\/11\/image-139.png","datePublished":"2024-08-19T00:58:13+00:00","dateModified":"2024-12-11T19:17:40+00:00","breadcrumb":{"@id":"https:\/\/rmmfi.org\/es\/boletin\/#breadcrumb"},"inLanguage":"es","potentialAction":[{"@type":"ReadAction","target":["https:\/\/rmmfi.org\/es\/boletin\/"]}]},{"@type":"ImageObject","inLanguage":"es","@id":"https:\/\/rmmfi.org\/es\/boletin\/#primaryimage","url":"https:\/\/rmmfi.org\/wp-content\/uploads\/2024\/11\/image-139.png","contentUrl":"https:\/\/rmmfi.org\/wp-content\/uploads\/2024\/11\/image-139.png"},{"@type":"BreadcrumbList","@id":"https:\/\/rmmfi.org\/es\/boletin\/#breadcrumb","itemListElement":[{"@type":"ListItem","position":1,"name":"Home","item":"https:\/\/rmmfi.org\/es\/"},{"@type":"ListItem","position":2,"name":"Bolet\u00edn de Voluntarios"}]},{"@type":"WebSite","@id":"https:\/\/rmmfi.org\/es\/#website","url":"https:\/\/rmmfi.org\/es\/","name":"RMMFI","description":"Opportunity Through Entrepreneurship","publisher":{"@id":"https:\/\/rmmfi.org\/es\/#organization"},"potentialAction":[{"@type":"SearchAction","target":{"@type":"EntryPoint","urlTemplate":"https:\/\/rmmfi.org\/es\/?s={search_term_string}"},"query-input":{"@type":"PropertyValueSpecification","valueRequired":true,"valueName":"search_term_string"}}],"inLanguage":"es"},{"@type":"Organization","@id":"https:\/\/rmmfi.org\/es\/#organization","name":"RMMFI","url":"https:\/\/rmmfi.org\/es\/","logo":{"@type":"ImageObject","inLanguage":"es","@id":"https:\/\/rmmfi.org\/es\/#\/schema\/logo\/image\/","url":"https:\/\/rmmfi.org\/wp-content\/uploads\/2024\/08\/Frame-11-1.svg","contentUrl":"https:\/\/rmmfi.org\/wp-content\/uploads\/2024\/08\/Frame-11-1.svg","width":132,"height":50,"caption":"RMMFI"},"image":{"@id":"https:\/\/rmmfi.org\/es\/#\/schema\/logo\/image\/"},"sameAs":["https:\/\/www.facebook.com\/RMMFI\/","https:\/\/www.instagram.com\/rmmfi\/","https:\/\/www.linkedin.com\/company\/rmmfi\/","https:\/\/www.youtube.com\/channel\/UCyMuFgxHWh-dgUVTjh8hG8g"]}]}},"_links":{"self":[{"href":"https:\/\/rmmfi.org\/es\/wp-json\/wp\/v2\/pages\/24583","targetHints":{"allow":["GET"]}}],"collection":[{"href":"https:\/\/rmmfi.org\/es\/wp-json\/wp\/v2\/pages"}],"about":[{"href":"https:\/\/rmmfi.org\/es\/wp-json\/wp\/v2\/types\/page"}],"author":[{"embeddable":true,"href":"https:\/\/rmmfi.org\/es\/wp-json\/wp\/v2\/users\/4"}],"replies":[{"embeddable":true,"href":"https:\/\/rmmfi.org\/es\/wp-json\/wp\/v2\/comments?post=24583"}],"version-history":[{"count":0,"href":"https:\/\/rmmfi.org\/es\/wp-json\/wp\/v2\/pages\/24583\/revisions"}],"wp:attachment":[{"href":"https:\/\/rmmfi.org\/es\/wp-json\/wp\/v2\/media?parent=24583"}],"curies":[{"name":"wp","href":"https:\/\/api.w.org\/{rel}","templated":true}]}}