{"id":24590,"date":"2024-08-19T13:37:12","date_gmt":"2024-08-19T19:37:12","guid":{"rendered":"https:\/\/rmmfi.org\/asociate-con-nosotros\/contacta-con-nosotros\/"},"modified":"2024-12-16T13:45:47","modified_gmt":"2024-12-16T20:45:47","slug":"contacta-con-nosotros","status":"publish","type":"page","link":"https:\/\/rmmfi.org\/es\/contacta-con-nosotros\/","title":{"rendered":"Asociaciones Contacto"},"content":{"rendered":"\t\t<div data-elementor-type=\"wp-page\" data-elementor-id=\"24590\" class=\"elementor elementor-24590 elementor-2989\" data-elementor-post-type=\"page\">\n\t\t\t\t<div class=\"elementor-element elementor-element-194cc02 e-flex e-con-boxed e-con e-parent\" data-id=\"194cc02\" data-element_type=\"container\" data-e-type=\"container\">\n\t\t\t\t\t<div class=\"e-con-inner\">\n\t\t\t\t<div class=\"elementor-element elementor-element-e43794c elementor-widget elementor-widget-button\" data-id=\"e43794c\" data-element_type=\"widget\" data-e-type=\"widget\" data-widget_type=\"button.default\">\n\t\t\t\t<div class=\"elementor-widget-container\">\n\t\t\t\t\t\t\t\t\t<div class=\"elementor-button-wrapper\">\n\t\t\t\t\t<a class=\"elementor-button elementor-button-link elementor-size-sm\" href=\"https:\/\/rmmfi.org\/es\/asociate-con-nosotros\/\">\n\t\t\t\t\t\t<span class=\"elementor-button-content-wrapper\">\n\t\t\t\t\t\t<span class=\"elementor-button-icon\">\n\t\t\t\t<svg aria-hidden=\"true\" class=\"e-font-icon-svg e-fas-angle-left\" viewBox=\"0 0 256 512\" xmlns=\"http:\/\/www.w3.org\/2000\/svg\"><path d=\"M31.7 239l136-136c9.4-9.4 24.6-9.4 33.9 0l22.6 22.6c9.4 9.4 9.4 24.6 0 33.9L127.9 256l96.4 96.4c9.4 9.4 9.4 24.6 0 33.9L201.7 409c-9.4 9.4-24.6 9.4-33.9 0l-136-136c-9.5-9.4-9.5-24.6-.1-34z\"><\/path><\/svg>\t\t\t<\/span>\n\t\t\t\t\t\t\t\t\t<span class=\"elementor-button-text\">Volver atr\u00e1s<\/span>\n\t\t\t\t\t<\/span>\n\t\t\t\t\t<\/a>\n\t\t\t\t<\/div>\n\t\t\t\t\t\t\t\t<\/div>\n\t\t\t\t<\/div>\n\t\t<div class=\"elementor-element elementor-element-664b569 e-con-full e-flex e-con e-child\" data-id=\"664b569\" data-element_type=\"container\" data-e-type=\"container\">\n\t\t<div class=\"elementor-element elementor-element-19d5fa5 e-con-full e-flex e-con e-child\" data-id=\"19d5fa5\" data-element_type=\"container\" data-e-type=\"container\">\n\t\t\t\t<div class=\"elementor-element elementor-element-6d615c2 elementor-widget elementor-widget-heading\" data-id=\"6d615c2\" data-element_type=\"widget\" data-e-type=\"widget\" data-widget_type=\"heading.default\">\n\t\t\t\t<div class=\"elementor-widget-container\">\n\t\t\t\t\t<h1 class=\"elementor-heading-title elementor-size-default\">As\u00f3ciate con nosotros<\/h1>\t\t\t\t<\/div>\n\t\t\t\t<\/div>\n\t\t\t\t<div class=\"elementor-element elementor-element-bae6681 elementor-widget__width-initial elementor-widget-tablet__width-inherit elementor-widget elementor-widget-text-editor\" data-id=\"bae6681\" data-element_type=\"widget\" data-e-type=\"widget\" data-widget_type=\"text-editor.default\">\n\t\t\t\t<div class=\"elementor-widget-container\">\n\t\t\t\t\t\t\t\t\t<p>Al asociarte con RMMFI, puedes ayudarnos a aprovechar nuestros activos colectivos para construir v\u00edas equitativas hacia la propiedad empresarial.<\/p>\n\t\t\t\t\t\t\t\t<\/div>\n\t\t\t\t<\/div>\n\t\t\t\t<div class=\"elementor-element elementor-element-532b39a elementor-widget elementor-widget-image\" data-id=\"532b39a\" data-element_type=\"widget\" data-e-type=\"widget\" data-widget_type=\"image.default\">\n\t\t\t\t<div class=\"elementor-widget-container\">\n\t\t\t\t\t\t\t\t\t\t\t\t\t\t\t<img fetchpriority=\"high\" decoding=\"async\" width=\"588\" height=\"250\" src=\"https:\/\/rmmfi.org\/wp-content\/uploads\/2024\/09\/Rectangle-3463428.png\" class=\"attachment-full size-full wp-image-24460\" alt=\"Un grupo heterog\u00e9neo de personas, de pie y en fila, sonr\u00ede a la c\u00e1mara en un acto celebrado en el interior de una empresa. Algunos sostienen paquetes rojos. Una mujer con un top a rayas se sit\u00faa en el centro, encarnando la conexi\u00f3n. El fondo incluye una pantalla y una puerta.\" srcset=\"https:\/\/rmmfi.org\/wp-content\/uploads\/2024\/09\/Rectangle-3463428.png 588w, https:\/\/rmmfi.org\/wp-content\/uploads\/2024\/09\/Rectangle-3463428-300x128.png 300w\" sizes=\"(max-width: 588px) 100vw, 588px\" \/>\t\t\t\t\t\t\t\t\t\t\t\t\t\t\t<\/div>\n\t\t\t\t<\/div>\n\t\t\t\t<div class=\"elementor-element elementor-element-927ad2d elementor-icon-list--layout-traditional elementor-list-item-link-full_width elementor-widget elementor-widget-icon-list\" data-id=\"927ad2d\" data-element_type=\"widget\" data-e-type=\"widget\" data-widget_type=\"icon-list.default\">\n\t\t\t\t<div class=\"elementor-widget-container\">\n\t\t\t\t\t\t\t<ul class=\"elementor-icon-list-items\">\n\t\t\t\t\t\t\t<li class=\"elementor-icon-list-item\">\n\t\t\t\t\t\t\t\t\t\t\t<span class=\"elementor-icon-list-icon\">\n\t\t\t\t\t\t\t<svg xmlns=\"http:\/\/www.w3.org\/2000\/svg\" width=\"12\" height=\"12\" viewBox=\"0 0 12 12\" fill=\"none\"><circle cx=\"6\" cy=\"6\" r=\"6\" fill=\"#469C45\"><\/circle><\/svg>\t\t\t\t\t\t<\/span>\n\t\t\t\t\t\t\t\t\t\t<span class=\"elementor-icon-list-text\"><b>Socio de referencia: <\/b>Conecta a empresarios interesados o existentes en tu red con los programas y recursos de RMMFI<\/span>\n\t\t\t\t\t\t\t\t\t<\/li>\n\t\t\t\t\t\t\t\t<li class=\"elementor-icon-list-item\">\n\t\t\t\t\t\t\t\t\t\t\t<span class=\"elementor-icon-list-icon\">\n\t\t\t\t\t\t\t<svg xmlns=\"http:\/\/www.w3.org\/2000\/svg\" width=\"12\" height=\"12\" viewBox=\"0 0 12 12\" fill=\"none\"><circle cx=\"6\" cy=\"6\" r=\"6\" fill=\"#469C45\"><\/circle><\/svg>\t\t\t\t\t\t<\/span>\n\t\t\t\t\t\t\t\t\t\t<span class=\"elementor-icon-list-text\"><b>Socio corporativo:<\/b> Invierte en peque\u00f1as empresas locales mediante oportunidades de financiaci\u00f3n y patrocinio.<\/span>\n\t\t\t\t\t\t\t\t\t<\/li>\n\t\t\t\t\t\t\t\t<li class=\"elementor-icon-list-item\">\n\t\t\t\t\t\t\t\t\t\t\t<span class=\"elementor-icon-list-icon\">\n\t\t\t\t\t\t\t<svg xmlns=\"http:\/\/www.w3.org\/2000\/svg\" width=\"12\" height=\"12\" viewBox=\"0 0 12 12\" fill=\"none\"><circle cx=\"6\" cy=\"6\" r=\"6\" fill=\"#469C45\"><\/circle><\/svg>\t\t\t\t\t\t<\/span>\n\t\t\t\t\t\t\t\t\t\t<span class=\"elementor-icon-list-text\"><b>Socio del sitio: <\/b>Lleva a tu comunidad el modelo de capital-capacidad de RMMFI, de eficacia probada<\/span>\n\t\t\t\t\t\t\t\t\t<\/li>\n\t\t\t\t\t\t\t\t<li class=\"elementor-icon-list-item\">\n\t\t\t\t\t\t\t\t\t\t\t<span class=\"elementor-icon-list-icon\">\n\t\t\t\t\t\t\t<svg xmlns=\"http:\/\/www.w3.org\/2000\/svg\" width=\"12\" height=\"12\" viewBox=\"0 0 12 12\" fill=\"none\"><circle cx=\"6\" cy=\"6\" r=\"6\" fill=\"#469C45\"><\/circle><\/svg>\t\t\t\t\t\t<\/span>\n\t\t\t\t\t\t\t\t\t\t<span class=\"elementor-icon-list-text\"><b>Socio Voluntario:<\/b> Comparte las oportunidades de voluntariado de RMMFI con los miembros de tu organizaci\u00f3n que deseen participar en su comunidad.<\/span>\n\t\t\t\t\t\t\t\t\t<\/li>\n\t\t\t\t\t\t\t\t<li class=\"elementor-icon-list-item\">\n\t\t\t\t\t\t\t\t\t\t\t<span class=\"elementor-icon-list-icon\">\n\t\t\t\t\t\t\t<svg xmlns=\"http:\/\/www.w3.org\/2000\/svg\" width=\"12\" height=\"12\" viewBox=\"0 0 12 12\" fill=\"none\"><circle cx=\"6\" cy=\"6\" r=\"6\" fill=\"#469C45\"><\/circle><\/svg>\t\t\t\t\t\t<\/span>\n\t\t\t\t\t\t\t\t\t\t<span class=\"elementor-icon-list-text\"><b>Oportunidades adicionales de asociaci\u00f3n:<\/b> Siempre estamos abiertos a explorar otras ideas para asociarnos al servicio de nuestra misi\u00f3n compartida<\/span>\n\t\t\t\t\t\t\t\t\t<\/li>\n\t\t\t\t\t\t<\/ul>\n\t\t\t\t\t\t<\/div>\n\t\t\t\t<\/div>\n\t\t\t\t<\/div>\n\t\t<div class=\"elementor-element elementor-element-6ee18c5 e-con-full e-flex e-con e-child\" data-id=\"6ee18c5\" data-element_type=\"container\" data-e-type=\"container\" data-settings=\"{&quot;background_background&quot;:&quot;classic&quot;}\">\n\t\t\t\t<div class=\"elementor-element elementor-element-c117c57 elementor-widget elementor-widget-heading\" data-id=\"c117c57\" data-element_type=\"widget\" data-e-type=\"widget\" data-widget_type=\"heading.default\">\n\t\t\t\t<div class=\"elementor-widget-container\">\n\t\t\t\t\t<h2 class=\"elementor-heading-title elementor-size-default\">Formulario de contacto<\/h2>\t\t\t\t<\/div>\n\t\t\t\t<\/div>\n\t\t\t\t<div class=\"elementor-element elementor-element-90ea1bc elementor-widget elementor-widget-text-editor\" data-id=\"90ea1bc\" data-element_type=\"widget\" data-e-type=\"widget\" data-widget_type=\"text-editor.default\">\n\t\t\t\t<div class=\"elementor-widget-container\">\n\t\t\t\t\t\t\t\t\t<p>Ay\u00fadanos a llegar a m\u00e1s empresarios y comunidades con nuestro enfoque probado convirti\u00e9ndote en socio. Rellena el siguiente formulario y un miembro del equipo de RMMFI se pondr\u00e1 en contacto contigo para hablar de las oportunidades de asociaci\u00f3n.<\/p>\n\t\t\t\t\t\t\t\t<\/div>\n\t\t\t\t<\/div>\n\t\t\t\t<div class=\"elementor-element elementor-element-d9aca05 elementor-button-align-stretch elementor-widget elementor-widget-form\" data-id=\"d9aca05\" data-element_type=\"widget\" data-e-type=\"widget\" data-settings=\"{&quot;button_width&quot;:&quot;33&quot;,&quot;step_next_label&quot;:&quot;Siguiente&quot;,&quot;step_previous_label&quot;:&quot;Anterior&quot;,&quot;step_type&quot;:&quot;number_text&quot;,&quot;step_icon_shape&quot;:&quot;circle&quot;}\" data-widget_type=\"form.default\">\n\t\t\t\t<div class=\"elementor-widget-container\">\n\t\t\t\t\t\t\t<form class=\"elementor-form\" method=\"post\" name=\"Asociaciones Formulario de contacto\" aria-label=\"Asociaciones Formulario de contacto\">\n\t\t\t<input type=\"hidden\" name=\"post_id\" value=\"24590\"\/>\n\t\t\t<input type=\"hidden\" name=\"form_id\" value=\"d9aca05\"\/>\n\t\t\t<input type=\"hidden\" name=\"referer_title\" value=\"Asociaciones Contacto - RMMFI\" \/>\n\n\t\t\t\t\t\t\t<input type=\"hidden\" name=\"queried_id\" value=\"24590\"\/>\n\t\t\t\n\t\t\t<div class=\"elementor-form-fields-wrapper elementor-labels-above\">\n\t\t\t\t\t\t\t\t<div class=\"elementor-field-type-text elementor-field-group elementor-column elementor-field-group-name elementor-col-50\">\n\t\t\t\t\t\t\t\t\t\t\t\t<label for=\"form-field-name\" class=\"elementor-field-label\">\n\t\t\t\t\t\t\t\tNombre\t\t\t\t\t\t\t<\/label>\n\t\t\t\t\t\t\t\t\t\t\t\t\t\t<input size=\"1\" type=\"text\" name=\"form_fields[name]\" id=\"form-field-name\" class=\"elementor-field elementor-size-md  elementor-field-textual\" placeholder=\"Tu nombre\">\n\t\t\t\t\t\t\t\t\t\t\t<\/div>\n\t\t\t\t\t\t\t\t<div class=\"elementor-field-type-text elementor-field-group elementor-column elementor-field-group-field_9ecfbc4 elementor-col-50\">\n\t\t\t\t\t\t\t\t\t\t\t\t<label for=\"form-field-field_9ecfbc4\" class=\"elementor-field-label\">\n\t\t\t\t\t\t\t\tApellidos\t\t\t\t\t\t\t<\/label>\n\t\t\t\t\t\t\t\t\t\t\t\t\t\t<input size=\"1\" type=\"text\" name=\"form_fields[field_9ecfbc4]\" id=\"form-field-field_9ecfbc4\" class=\"elementor-field elementor-size-md  elementor-field-textual\" placeholder=\"Tu apellido\">\n\t\t\t\t\t\t\t\t\t\t\t<\/div>\n\t\t\t\t\t\t\t\t<div class=\"elementor-field-type-email elementor-field-group elementor-column elementor-field-group-email elementor-col-100 elementor-field-required\">\n\t\t\t\t\t\t\t\t\t\t\t\t<label for=\"form-field-email\" class=\"elementor-field-label\">\n\t\t\t\t\t\t\t\tEnv\u00eda un correo electr\u00f3nico a\t\t\t\t\t\t\t<\/label>\n\t\t\t\t\t\t\t\t\t\t\t\t\t\t<input size=\"1\" type=\"email\" name=\"form_fields[email]\" id=\"form-field-email\" class=\"elementor-field elementor-size-md  elementor-field-textual\" placeholder=\"Env\u00eda un correo electr\u00f3nico a\" required=\"required\">\n\t\t\t\t\t\t\t\t\t\t\t<\/div>\n\t\t\t\t\t\t\t\t<div class=\"elementor-field-type-text elementor-field-group elementor-column elementor-field-group-field_7ca6ec9 elementor-col-100 elementor-field-required\">\n\t\t\t\t\t\t\t\t\t\t\t\t<label for=\"form-field-field_7ca6ec9\" class=\"elementor-field-label\">\n\t\t\t\t\t\t\t\tEmpresa\t\t\t\t\t\t\t<\/label>\n\t\t\t\t\t\t\t\t\t\t\t\t\t\t<input size=\"1\" type=\"text\" name=\"form_fields[field_7ca6ec9]\" id=\"form-field-field_7ca6ec9\" class=\"elementor-field elementor-size-md  elementor-field-textual\" placeholder=\"Tu empresa\" required=\"required\">\n\t\t\t\t\t\t\t\t\t\t\t<\/div>\n\t\t\t\t\t\t\t\t<div class=\"elementor-field-type-select elementor-field-group elementor-column elementor-field-group-message elementor-col-100\">\n\t\t\t\t\t\t\t\t\t\t\t\t<label for=\"form-field-message\" class=\"elementor-field-label\">\n\t\t\t\t\t\t\t\tTipo de asociaci\u00f3n\t\t\t\t\t\t\t<\/label>\n\t\t\t\t\t\t\t\t<div class=\"elementor-field elementor-select-wrapper remove-before \">\n\t\t\t<div class=\"select-caret-down-wrapper\">\n\t\t\t\t<svg aria-hidden=\"true\" class=\"e-font-icon-svg e-eicon-caret-down\" viewBox=\"0 0 571.4 571.4\" xmlns=\"http:\/\/www.w3.org\/2000\/svg\"><path d=\"M571 393Q571 407 561 418L311 668Q300 679 286 679T261 668L11 418Q0 407 0 393T11 368 36 357H536Q550 357 561 368T571 393Z\"><\/path><\/svg>\t\t\t<\/div>\n\t\t\t<select name=\"form_fields[message]\" id=\"form-field-message\" class=\"elementor-field-textual elementor-size-md\">\n\t\t\t\t\t\t\t\t\t<option value=\"Tu tipo de asociaci\u00f3n\">Tu tipo de asociaci\u00f3n<\/option>\n\t\t\t\t\t\t\t\t\t<option value=\"Socio de referencia\">Socio de referencia<\/option>\n\t\t\t\t\t\t\t\t\t<option value=\"Socio corporativo\">Socio corporativo<\/option>\n\t\t\t\t\t\t\t\t\t<option value=\"Socio del sitio\">Socio del sitio<\/option>\n\t\t\t\t\t\t\t\t\t<option value=\"Socio voluntario\">Socio voluntario<\/option>\n\t\t\t\t\t\t\t\t\t<option value=\"Oportunidades adicionales de asociaci\u00f3n\">Oportunidades adicionales de asociaci\u00f3n<\/option>\n\t\t\t\t\t\t\t<\/select>\n\t\t<\/div>\n\t\t\t\t\t\t<\/div>\n\t\t\t\t\t\t\t\t<div class=\"elementor-field-group elementor-column elementor-field-type-submit elementor-col-33 e-form__buttons\">\n\t\t\t\t\t<button class=\"elementor-button elementor-size-sm\" type=\"submit\">\n\t\t\t\t\t\t<span class=\"elementor-button-content-wrapper\">\n\t\t\t\t\t\t\t\t\t\t\t\t\t\t\t\t\t\t\t\t\t\t<span class=\"elementor-button-text\">Env\u00eda<\/span>\n\t\t\t\t\t\t\t\t\t\t\t\t\t<\/span>\n\t\t\t\t\t<\/button>\n\t\t\t\t<\/div>\n\t\t\t<\/div>\n\t\t<\/form>\n\t\t\t\t\t\t<\/div>\n\t\t\t\t<\/div>\n\t\t\t\t<\/div>\n\t\t\t\t<\/div>\n\t\t\t\t\t<\/div>\n\t\t\t\t<\/div>\n\t\t\t\t<\/div>\n\t\t","protected":false},"excerpt":{"rendered":"<p>Volver atr\u00e1s As\u00f3ciate con nosotros Al asociarte con RMMFI, puedes ayudarnos a aprovechar nuestros activos colectivos para construir v\u00edas equitativas hacia la propiedad empresarial. Socio de referencia: Conecta a empresarios [&hellip;]<\/p>\n","protected":false},"author":4,"featured_media":0,"parent":0,"menu_order":0,"comment_status":"closed","ping_status":"closed","template":"elementor_header_footer","meta":{"_acf_changed":false,"_tec_requires_first_save":true,"_EventAllDay":false,"_EventTimezone":"","_EventStartDate":"","_EventEndDate":"","_EventStartDateUTC":"","_EventEndDateUTC":"","_EventShowMap":false,"_EventShowMapLink":false,"_EventURL":"","_EventCost":"","_EventCostDescription":"","_EventCurrencySymbol":"","_EventCurrencyCode":"","_EventCurrencyPosition":"","_EventDateTimeSeparator":"","_EventTimeRangeSeparator":"","_EventOrganizerID":[],"_EventVenueID":[],"_OrganizerEmail":"","_OrganizerPhone":"","_OrganizerWebsite":"","_VenueAddress":"","_VenueCity":"","_VenueCountry":"","_VenueProvince":"","_VenueState":"","_VenueZip":"","_VenuePhone":"","_VenueURL":"","_VenueStateProvince":"","_VenueLat":"","_VenueLng":"","_VenueShowMap":false,"_VenueShowMapLink":false,"_tribe_blocks_recurrence_rules":"","_tribe_blocks_recurrence_description":"","_tribe_blocks_recurrence_exclusions":"","_ecp_custom_2":"","footnotes":""},"class_list":["post-24590","page","type-page","status-publish","hentry"],"acf":[],"yoast_head":"<!-- This site is optimized with the Yoast SEO plugin v27.4 - https:\/\/yoast.com\/product\/yoast-seo-wordpress\/ -->\n<title>Asociaciones Contacto - RMMFI<\/title>\n<meta name=\"robots\" content=\"index, follow, max-snippet:-1, max-image-preview:large, max-video-preview:-1\" \/>\n<link rel=\"canonical\" href=\"https:\/\/rmmfi.org\/es\/contacta-con-nosotros\/\" \/>\n<meta property=\"og:locale\" content=\"es_ES\" \/>\n<meta property=\"og:type\" content=\"article\" \/>\n<meta property=\"og:title\" content=\"Asociaciones Contacto - RMMFI\" \/>\n<meta property=\"og:description\" content=\"Volver atr\u00e1s As\u00f3ciate con nosotros Al asociarte con RMMFI, puedes ayudarnos a aprovechar nuestros activos colectivos para construir v\u00edas equitativas hacia la propiedad empresarial. Socio de referencia: Conecta a empresarios [&hellip;]\" \/>\n<meta property=\"og:url\" content=\"https:\/\/rmmfi.org\/es\/contacta-con-nosotros\/\" \/>\n<meta property=\"og:site_name\" content=\"RMMFI\" \/>\n<meta property=\"article:publisher\" content=\"https:\/\/www.facebook.com\/RMMFI\/\" \/>\n<meta property=\"article:modified_time\" content=\"2024-12-16T20:45:47+00:00\" \/>\n<meta property=\"og:image\" content=\"https:\/\/rmmfi.org\/wp-content\/uploads\/2024\/09\/Rectangle-3463428.png\" \/>\n\t<meta property=\"og:image:width\" content=\"588\" \/>\n\t<meta property=\"og:image:height\" content=\"250\" \/>\n\t<meta property=\"og:image:type\" content=\"image\/png\" \/>\n<meta name=\"twitter:card\" content=\"summary_large_image\" \/>\n<meta name=\"twitter:label1\" content=\"Tiempo de lectura\" \/>\n\t<meta name=\"twitter:data1\" content=\"1 minuto\" \/>\n<script type=\"application\/ld+json\" class=\"yoast-schema-graph\">{\"@context\":\"https:\\\/\\\/schema.org\",\"@graph\":[{\"@type\":\"WebPage\",\"@id\":\"https:\\\/\\\/rmmfi.org\\\/es\\\/contacta-con-nosotros\\\/\",\"url\":\"https:\\\/\\\/rmmfi.org\\\/es\\\/contacta-con-nosotros\\\/\",\"name\":\"Asociaciones Contacto - RMMFI\",\"isPartOf\":{\"@id\":\"https:\\\/\\\/rmmfi.org\\\/es\\\/#website\"},\"primaryImageOfPage\":{\"@id\":\"https:\\\/\\\/rmmfi.org\\\/es\\\/contacta-con-nosotros\\\/#primaryimage\"},\"image\":{\"@id\":\"https:\\\/\\\/rmmfi.org\\\/es\\\/contacta-con-nosotros\\\/#primaryimage\"},\"thumbnailUrl\":\"https:\\\/\\\/rmmfi.org\\\/wp-content\\\/uploads\\\/2024\\\/09\\\/Rectangle-3463428.png\",\"datePublished\":\"2024-08-19T19:37:12+00:00\",\"dateModified\":\"2024-12-16T20:45:47+00:00\",\"breadcrumb\":{\"@id\":\"https:\\\/\\\/rmmfi.org\\\/es\\\/contacta-con-nosotros\\\/#breadcrumb\"},\"inLanguage\":\"es\",\"potentialAction\":[{\"@type\":\"ReadAction\",\"target\":[\"https:\\\/\\\/rmmfi.org\\\/es\\\/contacta-con-nosotros\\\/\"]}]},{\"@type\":\"ImageObject\",\"inLanguage\":\"es\",\"@id\":\"https:\\\/\\\/rmmfi.org\\\/es\\\/contacta-con-nosotros\\\/#primaryimage\",\"url\":\"https:\\\/\\\/rmmfi.org\\\/wp-content\\\/uploads\\\/2024\\\/09\\\/Rectangle-3463428.png\",\"contentUrl\":\"https:\\\/\\\/rmmfi.org\\\/wp-content\\\/uploads\\\/2024\\\/09\\\/Rectangle-3463428.png\"},{\"@type\":\"BreadcrumbList\",\"@id\":\"https:\\\/\\\/rmmfi.org\\\/es\\\/contacta-con-nosotros\\\/#breadcrumb\",\"itemListElement\":[{\"@type\":\"ListItem\",\"position\":1,\"name\":\"Home\",\"item\":\"https:\\\/\\\/rmmfi.org\\\/es\\\/\"},{\"@type\":\"ListItem\",\"position\":2,\"name\":\"Asociaciones Contacto\"}]},{\"@type\":\"WebSite\",\"@id\":\"https:\\\/\\\/rmmfi.org\\\/es\\\/#website\",\"url\":\"https:\\\/\\\/rmmfi.org\\\/es\\\/\",\"name\":\"RMMFI\",\"description\":\"Opportunity Through Entrepreneurship\",\"publisher\":{\"@id\":\"https:\\\/\\\/rmmfi.org\\\/es\\\/#organization\"},\"potentialAction\":[{\"@type\":\"SearchAction\",\"target\":{\"@type\":\"EntryPoint\",\"urlTemplate\":\"https:\\\/\\\/rmmfi.org\\\/es\\\/?s={search_term_string}\"},\"query-input\":{\"@type\":\"PropertyValueSpecification\",\"valueRequired\":true,\"valueName\":\"search_term_string\"}}],\"inLanguage\":\"es\"},{\"@type\":\"Organization\",\"@id\":\"https:\\\/\\\/rmmfi.org\\\/es\\\/#organization\",\"name\":\"RMMFI\",\"url\":\"https:\\\/\\\/rmmfi.org\\\/es\\\/\",\"logo\":{\"@type\":\"ImageObject\",\"inLanguage\":\"es\",\"@id\":\"https:\\\/\\\/rmmfi.org\\\/es\\\/#\\\/schema\\\/logo\\\/image\\\/\",\"url\":\"https:\\\/\\\/rmmfi.org\\\/wp-content\\\/uploads\\\/2024\\\/08\\\/Frame-11-1.svg\",\"contentUrl\":\"https:\\\/\\\/rmmfi.org\\\/wp-content\\\/uploads\\\/2024\\\/08\\\/Frame-11-1.svg\",\"width\":132,\"height\":50,\"caption\":\"RMMFI\"},\"image\":{\"@id\":\"https:\\\/\\\/rmmfi.org\\\/es\\\/#\\\/schema\\\/logo\\\/image\\\/\"},\"sameAs\":[\"https:\\\/\\\/www.facebook.com\\\/RMMFI\\\/\",\"https:\\\/\\\/www.instagram.com\\\/rmmfi\\\/\",\"https:\\\/\\\/www.linkedin.com\\\/company\\\/rmmfi\\\/\",\"https:\\\/\\\/www.youtube.com\\\/channel\\\/UCyMuFgxHWh-dgUVTjh8hG8g\"]}]}<\/script>\n<!-- \/ Yoast SEO plugin. -->","yoast_head_json":{"title":"Asociaciones Contacto - RMMFI","robots":{"index":"index","follow":"follow","max-snippet":"max-snippet:-1","max-image-preview":"max-image-preview:large","max-video-preview":"max-video-preview:-1"},"canonical":"https:\/\/rmmfi.org\/es\/contacta-con-nosotros\/","og_locale":"es_ES","og_type":"article","og_title":"Asociaciones Contacto - RMMFI","og_description":"Volver atr\u00e1s As\u00f3ciate con nosotros Al asociarte con RMMFI, puedes ayudarnos a aprovechar nuestros activos colectivos para construir v\u00edas equitativas hacia la propiedad empresarial. Socio de referencia: Conecta a empresarios [&hellip;]","og_url":"https:\/\/rmmfi.org\/es\/contacta-con-nosotros\/","og_site_name":"RMMFI","article_publisher":"https:\/\/www.facebook.com\/RMMFI\/","article_modified_time":"2024-12-16T20:45:47+00:00","og_image":[{"width":588,"height":250,"url":"https:\/\/rmmfi.org\/wp-content\/uploads\/2024\/09\/Rectangle-3463428.png","type":"image\/png"}],"twitter_card":"summary_large_image","twitter_misc":{"Tiempo de lectura":"1 minuto"},"schema":{"@context":"https:\/\/schema.org","@graph":[{"@type":"WebPage","@id":"https:\/\/rmmfi.org\/es\/contacta-con-nosotros\/","url":"https:\/\/rmmfi.org\/es\/contacta-con-nosotros\/","name":"Asociaciones Contacto - RMMFI","isPartOf":{"@id":"https:\/\/rmmfi.org\/es\/#website"},"primaryImageOfPage":{"@id":"https:\/\/rmmfi.org\/es\/contacta-con-nosotros\/#primaryimage"},"image":{"@id":"https:\/\/rmmfi.org\/es\/contacta-con-nosotros\/#primaryimage"},"thumbnailUrl":"https:\/\/rmmfi.org\/wp-content\/uploads\/2024\/09\/Rectangle-3463428.png","datePublished":"2024-08-19T19:37:12+00:00","dateModified":"2024-12-16T20:45:47+00:00","breadcrumb":{"@id":"https:\/\/rmmfi.org\/es\/contacta-con-nosotros\/#breadcrumb"},"inLanguage":"es","potentialAction":[{"@type":"ReadAction","target":["https:\/\/rmmfi.org\/es\/contacta-con-nosotros\/"]}]},{"@type":"ImageObject","inLanguage":"es","@id":"https:\/\/rmmfi.org\/es\/contacta-con-nosotros\/#primaryimage","url":"https:\/\/rmmfi.org\/wp-content\/uploads\/2024\/09\/Rectangle-3463428.png","contentUrl":"https:\/\/rmmfi.org\/wp-content\/uploads\/2024\/09\/Rectangle-3463428.png"},{"@type":"BreadcrumbList","@id":"https:\/\/rmmfi.org\/es\/contacta-con-nosotros\/#breadcrumb","itemListElement":[{"@type":"ListItem","position":1,"name":"Home","item":"https:\/\/rmmfi.org\/es\/"},{"@type":"ListItem","position":2,"name":"Asociaciones Contacto"}]},{"@type":"WebSite","@id":"https:\/\/rmmfi.org\/es\/#website","url":"https:\/\/rmmfi.org\/es\/","name":"RMMFI","description":"Opportunity Through Entrepreneurship","publisher":{"@id":"https:\/\/rmmfi.org\/es\/#organization"},"potentialAction":[{"@type":"SearchAction","target":{"@type":"EntryPoint","urlTemplate":"https:\/\/rmmfi.org\/es\/?s={search_term_string}"},"query-input":{"@type":"PropertyValueSpecification","valueRequired":true,"valueName":"search_term_string"}}],"inLanguage":"es"},{"@type":"Organization","@id":"https:\/\/rmmfi.org\/es\/#organization","name":"RMMFI","url":"https:\/\/rmmfi.org\/es\/","logo":{"@type":"ImageObject","inLanguage":"es","@id":"https:\/\/rmmfi.org\/es\/#\/schema\/logo\/image\/","url":"https:\/\/rmmfi.org\/wp-content\/uploads\/2024\/08\/Frame-11-1.svg","contentUrl":"https:\/\/rmmfi.org\/wp-content\/uploads\/2024\/08\/Frame-11-1.svg","width":132,"height":50,"caption":"RMMFI"},"image":{"@id":"https:\/\/rmmfi.org\/es\/#\/schema\/logo\/image\/"},"sameAs":["https:\/\/www.facebook.com\/RMMFI\/","https:\/\/www.instagram.com\/rmmfi\/","https:\/\/www.linkedin.com\/company\/rmmfi\/","https:\/\/www.youtube.com\/channel\/UCyMuFgxHWh-dgUVTjh8hG8g"]}]}},"_links":{"self":[{"href":"https:\/\/rmmfi.org\/es\/wp-json\/wp\/v2\/pages\/24590","targetHints":{"allow":["GET"]}}],"collection":[{"href":"https:\/\/rmmfi.org\/es\/wp-json\/wp\/v2\/pages"}],"about":[{"href":"https:\/\/rmmfi.org\/es\/wp-json\/wp\/v2\/types\/page"}],"author":[{"embeddable":true,"href":"https:\/\/rmmfi.org\/es\/wp-json\/wp\/v2\/users\/4"}],"replies":[{"embeddable":true,"href":"https:\/\/rmmfi.org\/es\/wp-json\/wp\/v2\/comments?post=24590"}],"version-history":[{"count":0,"href":"https:\/\/rmmfi.org\/es\/wp-json\/wp\/v2\/pages\/24590\/revisions"}],"wp:attachment":[{"href":"https:\/\/rmmfi.org\/es\/wp-json\/wp\/v2\/media?parent=24590"}],"curies":[{"name":"wp","href":"https:\/\/api.w.org\/{rel}","templated":true}]}}