{"id":27274,"date":"2024-09-28T05:29:16","date_gmt":"2024-09-28T11:29:16","guid":{"rendered":"https:\/\/rmmfi.org\/centro-de-recursos\/"},"modified":"2026-02-04T13:28:56","modified_gmt":"2026-02-04T20:28:56","slug":"centro-de-recursos","status":"publish","type":"page","link":"https:\/\/rmmfi.org\/es\/centro-de-recursos\/","title":{"rendered":"Centro de Recursos"},"content":{"rendered":"\t\t<div data-elementor-type=\"wp-page\" data-elementor-id=\"27274\" class=\"elementor elementor-27274\" data-elementor-post-type=\"page\">\n\t\t\t\t<div class=\"elementor-element elementor-element-12b2a13 e-con-full e-flex e-con e-parent\" data-id=\"12b2a13\" data-element_type=\"container\" data-e-type=\"container\" data-settings=\"{&quot;background_background&quot;:&quot;classic&quot;}\">\n\t\t<div class=\"elementor-element elementor-element-a38441b e-con-full e-flex e-con e-child\" data-id=\"a38441b\" data-element_type=\"container\" data-e-type=\"container\">\n\t\t\t\t<div class=\"elementor-element elementor-element-1c45f95 elementor-widget__width-initial elementor-widget-tablet__width-inherit elementor-widget elementor-widget-heading\" data-id=\"1c45f95\" data-element_type=\"widget\" data-e-type=\"widget\" data-widget_type=\"heading.default\">\n\t\t\t\t<div class=\"elementor-widget-container\">\n\t\t\t\t\t<h1 class=\"elementor-heading-title elementor-size-default\">Centro de Recursos<\/h1>\t\t\t\t<\/div>\n\t\t\t\t<\/div>\n\t\t\t\t<div class=\"elementor-element elementor-element-2507cb3 elementor-widget__width-initial elementor-widget-mobile__width-inherit elementor-widget elementor-widget-text-editor\" data-id=\"2507cb3\" data-element_type=\"widget\" data-e-type=\"widget\" data-widget_type=\"text-editor.default\">\n\t\t\t\t<div class=\"elementor-widget-container\">\n\t\t\t\t\t\t\t\t\tComo propietario de una peque\u00f1a empresa, se aprende mucho a base de garra y experiencia.\nQueremos hacer tu d\u00eda a d\u00eda un poco m\u00e1s f\u00e1cil d\u00e1ndote las herramientas que necesitas para alcanzar tus objetivos.\nT\u00fa eres el experto en tu negocio: nosotros te ofrecemos asesoramiento experto y recursos para ayudarte a dominar todo lo dem\u00e1s.\nEcha un vistazo a los recursos que te presentamos a continuaci\u00f3n.   \t\t\t\t\t\t\t\t<\/div>\n\t\t\t\t<\/div>\n\t\t\t\t<\/div>\n\t\t<div class=\"elementor-element elementor-element-a1e8cb3 e-con-full e-flex e-con e-child\" data-id=\"a1e8cb3\" data-element_type=\"container\" data-e-type=\"container\">\n\t\t\t\t<div class=\"elementor-element elementor-element-9ac1443 elementor-widget__width-inherit elementor-widget elementor-widget-image\" data-id=\"9ac1443\" data-element_type=\"widget\" data-e-type=\"widget\" data-widget_type=\"image.default\">\n\t\t\t\t<div class=\"elementor-widget-container\">\n\t\t\t\t\t\t\t\t\t\t\t\t\t\t\t<img fetchpriority=\"high\" decoding=\"async\" width=\"728\" height=\"621\" src=\"https:\/\/rmmfi.org\/wp-content\/uploads\/2024\/09\/photo-2.png\" class=\"attachment-full size-full wp-image-26261\" alt=\"Un hombre con camisa de cuadros y sombrero sostiene un ordenador port\u00e1til, sonriendo mientras conversa con un p\u00fablico, de espaldas a la c\u00e1mara. El escenario parece un acto informal en el Centro de Recursos V2, con paredes de ladrillo visto y diversos equipos al fondo.\" srcset=\"https:\/\/rmmfi.org\/wp-content\/uploads\/2024\/09\/photo-2.png 728w, https:\/\/rmmfi.org\/wp-content\/uploads\/2024\/09\/photo-2-300x256.png 300w\" sizes=\"(max-width: 728px) 100vw, 728px\" title=\"\">\t\t\t\t\t\t\t\t\t\t\t\t\t\t\t<\/div>\n\t\t\t\t<\/div>\n\t\t\t\t<\/div>\n\t\t\t\t<\/div>\n\t\t<div class=\"elementor-element elementor-element-f0b3b00 e-flex e-con-boxed e-con e-child\" data-id=\"f0b3b00\" data-element_type=\"container\" data-e-type=\"container\">\n\t\t\t\t\t<div class=\"e-con-inner\">\n\t\t<div class=\"elementor-element elementor-element-d129cef e-con-full e-flex e-con e-child\" data-id=\"d129cef\" data-element_type=\"container\" data-e-type=\"container\">\n\t\t<div class=\"elementor-element elementor-element-55c016e e-con-full e-flex e-con e-child\" data-id=\"55c016e\" data-element_type=\"container\" data-e-type=\"container\">\n\t\t\t\t<div class=\"elementor-element elementor-element-749d57e elementor-position-top elementor-widget elementor-widget-image-box\" data-id=\"749d57e\" data-element_type=\"widget\" data-e-type=\"widget\" data-widget_type=\"image-box.default\">\n\t\t\t\t<div class=\"elementor-widget-container\">\n\t\t\t\t\t<div class=\"elementor-image-box-wrapper\"><figure class=\"elementor-image-box-img\"><a href=\"https:\/\/rmmfi.org\/es\/articulos-del-blog\/\" tabindex=\"-1\"><img decoding=\"async\" width=\"88\" height=\"88\" data-src=\"https:\/\/rmmfi.org\/wp-content\/uploads\/2024\/08\/88.svg\" class=\"attachment-full size-full wp-image-22972 lazyload\" alt=\"\" title=\"\" src=\"data:image\/svg+xml;base64,PHN2ZyB3aWR0aD0iMSIgaGVpZ2h0PSIxIiB4bWxucz0iaHR0cDovL3d3dy53My5vcmcvMjAwMC9zdmciPjwvc3ZnPg==\" style=\"--smush-placeholder-width: 88px; --smush-placeholder-aspect-ratio: 88\/88;\"><\/a><\/figure><div class=\"elementor-image-box-content\"><h3 class=\"elementor-image-box-title\"><a href=\"https:\/\/rmmfi.org\/es\/articulos-del-blog\/\">Ideas para peque\u00f1as empresas<\/a><\/h3><\/div><\/div>\t\t\t\t<\/div>\n\t\t\t\t<\/div>\n\t\t\t\t<\/div>\n\t\t<div class=\"elementor-element elementor-element-40d220c e-con-full elementor-hidden-widescreen elementor-hidden-desktop elementor-hidden-tablet elementor-hidden-mobile e-flex e-con e-child\" data-id=\"40d220c\" data-element_type=\"container\" data-e-type=\"container\">\n\t\t\t\t<div class=\"elementor-element elementor-element-4abd10f elementor-position-top elementor-widget elementor-widget-image-box\" data-id=\"4abd10f\" data-element_type=\"widget\" data-e-type=\"widget\" data-widget_type=\"image-box.default\">\n\t\t\t\t<div class=\"elementor-widget-container\">\n\t\t\t\t\t<div class=\"elementor-image-box-wrapper\"><figure class=\"elementor-image-box-img\"><a href=\"https:\/\/rmmfi.org\/es\/todos-los-anuncios\/\" tabindex=\"-1\"><img decoding=\"async\" width=\"88\" height=\"88\" data-src=\"https:\/\/rmmfi.org\/wp-content\/uploads\/2024\/09\/88.svg\" class=\"attachment-full size-full wp-image-26270 lazyload\" alt=\"\" title=\"\" src=\"data:image\/svg+xml;base64,PHN2ZyB3aWR0aD0iMSIgaGVpZ2h0PSIxIiB4bWxucz0iaHR0cDovL3d3dy53My5vcmcvMjAwMC9zdmciPjwvc3ZnPg==\" style=\"--smush-placeholder-width: 88px; --smush-placeholder-aspect-ratio: 88\/88;\"><\/a><\/figure><div class=\"elementor-image-box-content\"><h3 class=\"elementor-image-box-title\"><a href=\"https:\/\/rmmfi.org\/es\/todos-los-anuncios\/\">Directorio de empresas<\/a><\/h3><\/div><\/div>\t\t\t\t<\/div>\n\t\t\t\t<\/div>\n\t\t\t\t<\/div>\n\t\t<div class=\"elementor-element elementor-element-b9025d6 e-con-full e-flex e-con e-child\" data-id=\"b9025d6\" data-element_type=\"container\" data-e-type=\"container\">\n\t\t\t\t<div class=\"elementor-element elementor-element-8673b0e elementor-position-top elementor-widget elementor-widget-image-box\" data-id=\"8673b0e\" data-element_type=\"widget\" data-e-type=\"widget\" data-widget_type=\"image-box.default\">\n\t\t\t\t<div class=\"elementor-widget-container\">\n\t\t\t\t\t<div class=\"elementor-image-box-wrapper\"><figure class=\"elementor-image-box-img\"><a href=\"https:\/\/rmmfi.org\/es\/noticias\/\" tabindex=\"-1\"><img decoding=\"async\" width=\"88\" height=\"88\" data-src=\"https:\/\/rmmfi.org\/wp-content\/uploads\/2024\/09\/88-1.svg\" class=\"attachment-full size-full wp-image-26272 lazyload\" alt=\"\" title=\"\" src=\"data:image\/svg+xml;base64,PHN2ZyB3aWR0aD0iMSIgaGVpZ2h0PSIxIiB4bWxucz0iaHR0cDovL3d3dy53My5vcmcvMjAwMC9zdmciPjwvc3ZnPg==\" style=\"--smush-placeholder-width: 88px; --smush-placeholder-aspect-ratio: 88\/88;\"><\/a><\/figure><div class=\"elementor-image-box-content\"><h3 class=\"elementor-image-box-title\"><a href=\"https:\/\/rmmfi.org\/es\/noticias\/\">Noticias RMMFI<\/a><\/h3><\/div><\/div>\t\t\t\t<\/div>\n\t\t\t\t<\/div>\n\t\t\t\t<\/div>\n\t\t\t\t<\/div>\n\t\t<div class=\"elementor-element elementor-element-c128edf e-con-full e-flex e-con e-child\" data-id=\"c128edf\" data-element_type=\"container\" data-e-type=\"container\">\n\t\t<div class=\"elementor-element elementor-element-32c29ae e-con-full e-flex e-con e-child\" data-id=\"32c29ae\" data-element_type=\"container\" data-e-type=\"container\">\n\t\t\t\t<div class=\"elementor-element elementor-element-283a1db elementor-position-top elementor-widget elementor-widget-image-box\" data-id=\"283a1db\" data-element_type=\"widget\" data-e-type=\"widget\" data-widget_type=\"image-box.default\">\n\t\t\t\t<div class=\"elementor-widget-container\">\n\t\t\t\t\t<div class=\"elementor-image-box-wrapper\"><figure class=\"elementor-image-box-img\"><a href=\"https:\/\/rmmfi.org\/es\/pulsa\/\" tabindex=\"-1\"><img decoding=\"async\" width=\"88\" height=\"88\" data-src=\"https:\/\/rmmfi.org\/wp-content\/uploads\/2024\/08\/88-3.svg\" class=\"attachment-full size-full wp-image-22975 lazyload\" alt=\"\" title=\"\" src=\"data:image\/svg+xml;base64,PHN2ZyB3aWR0aD0iMSIgaGVpZ2h0PSIxIiB4bWxucz0iaHR0cDovL3d3dy53My5vcmcvMjAwMC9zdmciPjwvc3ZnPg==\" style=\"--smush-placeholder-width: 88px; --smush-placeholder-aspect-ratio: 88\/88;\"><\/a><\/figure><div class=\"elementor-image-box-content\"><h3 class=\"elementor-image-box-title\"><a href=\"https:\/\/rmmfi.org\/es\/pulsa\/\">Prensa RMMFI<\/a><\/h3><\/div><\/div>\t\t\t\t<\/div>\n\t\t\t\t<\/div>\n\t\t\t\t<\/div>\n\t\t<div class=\"elementor-element elementor-element-13dcf41 e-con-full elementor-hidden-widescreen elementor-hidden-desktop elementor-hidden-tablet elementor-hidden-mobile e-flex e-con e-child\" data-id=\"13dcf41\" data-element_type=\"container\" data-e-type=\"container\">\n\t\t\t\t<div class=\"elementor-element elementor-element-afca132 elementor-position-top elementor-widget elementor-widget-image-box\" data-id=\"afca132\" data-element_type=\"widget\" data-e-type=\"widget\" data-widget_type=\"image-box.default\">\n\t\t\t\t<div class=\"elementor-widget-container\">\n\t\t\t\t\t<div class=\"elementor-image-box-wrapper\"><figure class=\"elementor-image-box-img\"><a href=\"\/events\" tabindex=\"-1\"><img decoding=\"async\" width=\"88\" height=\"88\" data-src=\"https:\/\/rmmfi.org\/wp-content\/uploads\/2024\/08\/88-4.svg\" class=\"attachment-full size-full wp-image-22976 lazyload\" alt=\"\" title=\"\" src=\"data:image\/svg+xml;base64,PHN2ZyB3aWR0aD0iMSIgaGVpZ2h0PSIxIiB4bWxucz0iaHR0cDovL3d3dy53My5vcmcvMjAwMC9zdmciPjwvc3ZnPg==\" style=\"--smush-placeholder-width: 88px; --smush-placeholder-aspect-ratio: 88\/88;\"><\/a><\/figure><div class=\"elementor-image-box-content\"><h3 class=\"elementor-image-box-title\"><a href=\"\/events\">Eventos RMMFI<\/a><\/h3><\/div><\/div>\t\t\t\t<\/div>\n\t\t\t\t<\/div>\n\t\t\t\t<\/div>\n\t\t<div class=\"elementor-element elementor-element-f57da49 e-con-full e-flex e-con e-child\" data-id=\"f57da49\" data-element_type=\"container\" data-e-type=\"container\">\n\t\t\t\t<div class=\"elementor-element elementor-element-8700e3b elementor-position-top elementor-widget elementor-widget-image-box\" data-id=\"8700e3b\" data-element_type=\"widget\" data-e-type=\"widget\" data-widget_type=\"image-box.default\">\n\t\t\t\t<div class=\"elementor-widget-container\">\n\t\t\t\t\t<div class=\"elementor-image-box-wrapper\"><figure class=\"elementor-image-box-img\"><a href=\"https:\/\/rmmfi.org\/es\/centro-de-emprendedores\/\" tabindex=\"-1\"><img decoding=\"async\" width=\"88\" height=\"88\" data-src=\"https:\/\/rmmfi.org\/wp-content\/uploads\/2024\/09\/88-2.svg\" class=\"attachment-full size-full wp-image-26274 lazyload\" alt=\"\" title=\"\" src=\"data:image\/svg+xml;base64,PHN2ZyB3aWR0aD0iMSIgaGVpZ2h0PSIxIiB4bWxucz0iaHR0cDovL3d3dy53My5vcmcvMjAwMC9zdmciPjwvc3ZnPg==\" style=\"--smush-placeholder-width: 88px; --smush-placeholder-aspect-ratio: 88\/88;\"><\/a><\/figure><div class=\"elementor-image-box-content\"><h3 class=\"elementor-image-box-title\"><a href=\"https:\/\/rmmfi.org\/es\/centro-de-emprendedores\/\">Centro de Emprendedores<\/a><\/h3><\/div><\/div>\t\t\t\t<\/div>\n\t\t\t\t<\/div>\n\t\t\t\t<\/div>\n\t\t\t\t<\/div>\n\t\t<div class=\"elementor-element elementor-element-f0d3251 e-con-full e-flex e-con e-child\" data-id=\"f0d3251\" data-element_type=\"container\" data-e-type=\"container\">\n\t\t<div class=\"elementor-element elementor-element-bfd6e56 e-con-full elementor-hidden-widescreen elementor-hidden-desktop elementor-hidden-tablet elementor-hidden-mobile e-flex e-con e-child\" data-id=\"bfd6e56\" data-element_type=\"container\" data-e-type=\"container\">\n\t\t\t\t<div class=\"elementor-element elementor-element-f87a716 elementor-position-top elementor-widget elementor-widget-image-box\" data-id=\"f87a716\" data-element_type=\"widget\" data-e-type=\"widget\" data-widget_type=\"image-box.default\">\n\t\t\t\t<div class=\"elementor-widget-container\">\n\t\t\t\t\t<div class=\"elementor-image-box-wrapper\"><figure class=\"elementor-image-box-img\"><a href=\"https:\/\/rmmfi.org\/es\/nuestros-socios\/\" tabindex=\"-1\"><img decoding=\"async\" width=\"89\" height=\"88\" data-src=\"https:\/\/rmmfi.org\/wp-content\/uploads\/2024\/09\/88-3.svg\" class=\"attachment-full size-full wp-image-26276 lazyload\" alt=\"\" title=\"\" src=\"data:image\/svg+xml;base64,PHN2ZyB3aWR0aD0iMSIgaGVpZ2h0PSIxIiB4bWxucz0iaHR0cDovL3d3dy53My5vcmcvMjAwMC9zdmciPjwvc3ZnPg==\" style=\"--smush-placeholder-width: 89px; --smush-placeholder-aspect-ratio: 89\/88;\"><\/a><\/figure><div class=\"elementor-image-box-content\"><h3 class=\"elementor-image-box-title\"><a href=\"https:\/\/rmmfi.org\/es\/nuestros-socios\/\">As\u00f3ciate con nosotros<\/a><\/h3><\/div><\/div>\t\t\t\t<\/div>\n\t\t\t\t<\/div>\n\t\t\t\t<\/div>\n\t\t<div class=\"elementor-element elementor-element-72715a6 e-con-full e-flex e-con e-child\" data-id=\"72715a6\" data-element_type=\"container\" data-e-type=\"container\">\n\t\t\t\t<div class=\"elementor-element elementor-element-3205797 elementor-position-top elementor-widget elementor-widget-image-box\" data-id=\"3205797\" data-element_type=\"widget\" data-e-type=\"widget\" data-widget_type=\"image-box.default\">\n\t\t\t\t<div class=\"elementor-widget-container\">\n\t\t\t\t\t<div class=\"elementor-image-box-wrapper\"><figure class=\"elementor-image-box-img\"><a href=\"https:\/\/rmmfi.org\/es\/recursos-personales-y-empresariales\/\" tabindex=\"-1\"><img decoding=\"async\" width=\"88\" height=\"88\" data-src=\"https:\/\/rmmfi.org\/wp-content\/uploads\/2024\/08\/88-4.svg\" class=\"attachment-full size-full wp-image-22976 lazyload\" alt=\"\" title=\"\" src=\"data:image\/svg+xml;base64,PHN2ZyB3aWR0aD0iMSIgaGVpZ2h0PSIxIiB4bWxucz0iaHR0cDovL3d3dy53My5vcmcvMjAwMC9zdmciPjwvc3ZnPg==\" style=\"--smush-placeholder-width: 88px; --smush-placeholder-aspect-ratio: 88\/88;\"><\/a><\/figure><div class=\"elementor-image-box-content\"><h3 class=\"elementor-image-box-title\"><a href=\"https:\/\/rmmfi.org\/es\/recursos-personales-y-empresariales\/\">Recursos personales y empresariales<\/a><\/h3><\/div><\/div>\t\t\t\t<\/div>\n\t\t\t\t<\/div>\n\t\t\t\t<\/div>\n\t\t\t\t<\/div>\n\t\t\t\t\t<\/div>\n\t\t\t\t<\/div>\n\t\t\t\t<\/div>\n\t\t","protected":false},"excerpt":{"rendered":"<p>Centro de Recursos Como propietario de una peque\u00f1a empresa, se aprende mucho a base de garra y experiencia. Queremos hacer tu d\u00eda a d\u00eda un poco m\u00e1s f\u00e1cil d\u00e1ndote las [&hellip;]<\/p>\n","protected":false},"author":4,"featured_media":0,"parent":0,"menu_order":0,"comment_status":"closed","ping_status":"closed","template":"elementor_header_footer","meta":{"_acf_changed":false,"_tec_requires_first_save":true,"_EventAllDay":false,"_EventTimezone":"","_EventStartDate":"","_EventEndDate":"","_EventStartDateUTC":"","_EventEndDateUTC":"","_EventShowMap":false,"_EventShowMapLink":false,"_EventURL":"","_EventCost":"","_EventCostDescription":"","_EventCurrencySymbol":"","_EventCurrencyCode":"","_EventCurrencyPosition":"","_EventDateTimeSeparator":"","_EventTimeRangeSeparator":"","_EventOrganizerID":[],"_EventVenueID":[],"_OrganizerEmail":"","_OrganizerPhone":"","_OrganizerWebsite":"","_VenueAddress":"","_VenueCity":"","_VenueCountry":"","_VenueProvince":"","_VenueState":"","_VenueZip":"","_VenuePhone":"","_VenueURL":"","_VenueStateProvince":"","_VenueLat":"","_VenueLng":"","_VenueShowMap":false,"_VenueShowMapLink":false,"_tribe_blocks_recurrence_rules":"","_tribe_blocks_recurrence_description":"","_tribe_blocks_recurrence_exclusions":"","_ecp_custom_2":"","footnotes":""},"class_list":["post-27274","page","type-page","status-publish","hentry"],"acf":[],"_links":{"self":[{"href":"https:\/\/rmmfi.org\/es\/wp-json\/wp\/v2\/pages\/27274","targetHints":{"allow":["GET"]}}],"collection":[{"href":"https:\/\/rmmfi.org\/es\/wp-json\/wp\/v2\/pages"}],"about":[{"href":"https:\/\/rmmfi.org\/es\/wp-json\/wp\/v2\/types\/page"}],"author":[{"embeddable":true,"href":"https:\/\/rmmfi.org\/es\/wp-json\/wp\/v2\/users\/4"}],"replies":[{"embeddable":true,"href":"https:\/\/rmmfi.org\/es\/wp-json\/wp\/v2\/comments?post=27274"}],"version-history":[{"count":1,"href":"https:\/\/rmmfi.org\/es\/wp-json\/wp\/v2\/pages\/27274\/revisions"}],"predecessor-version":[{"id":30059,"href":"https:\/\/rmmfi.org\/es\/wp-json\/wp\/v2\/pages\/27274\/revisions\/30059"}],"wp:attachment":[{"href":"https:\/\/rmmfi.org\/es\/wp-json\/wp\/v2\/media?parent=27274"}],"curies":[{"name":"wp","href":"https:\/\/api.w.org\/{rel}","templated":true}]}}